{"id":1007,"date":"2026-02-09T21:50:18","date_gmt":"2026-02-09T20:50:18","guid":{"rendered":"https:\/\/pgik.pgik.se\/?page_id=1007"},"modified":"2026-04-04T18:09:17","modified_gmt":"2026-04-04T16:09:17","slug":"arsmote","status":"publish","type":"page","link":"https:\/\/pgik.pgik.se\/index.php\/arsmote\/","title":{"rendered":"\u00c5rsm\u00f6te"},"content":{"rendered":"\n<p><strong>Tidigare \u00e5rsm\u00f6teshandlingar<\/strong>:<\/p>\n\n\n\n<ul class=\"wp-block-list\">\n<li><a href=\"https:\/\/pgik.pgik.se\/index.php\/arsmote-2026\/\" data-type=\"page\" data-id=\"1077\">\u00c5rsm\u00f6teshandlingar f\u00f6r 2026<\/a><\/li>\n\n\n\n<li><a href=\"https:\/\/pgik.pgik.se\/index.php\/arsmote-2025\/\" data-type=\"page\" data-id=\"649\">\u00c5rsm\u00f6teshandlingar f\u00f6r 2025<\/a><\/li>\n\n\n\n<li><a href=\"https:\/\/pgik.pgik.se\/index.php\/arsmote-2024\/\" data-type=\"page\" data-id=\"652\">\u00c5rsm\u00f6teshandlingar f\u00f6r 2024<\/a><\/li>\n<\/ul>\n\n\n\n<hr class=\"wp-block-separator has-alpha-channel-opacity\"\/>\n\n\n\n<p><\/p>\n","protected":false},"excerpt":{"rendered":"<p>Tidigare \u00e5rsm\u00f6teshandlingar:<\/p>\n","protected":false},"author":1,"featured_media":643,"parent":0,"menu_order":0,"comment_status":"closed","ping_status":"closed","template":"","meta":{"footnotes":""},"class_list":["post-1007","page","type-page","status-publish","has-post-thumbnail","hentry"],"_links":{"self":[{"href":"https:\/\/pgik.pgik.se\/index.php\/wp-json\/wp\/v2\/pages\/1007","targetHints":{"allow":["GET"]}}],"collection":[{"href":"https:\/\/pgik.pgik.se\/index.php\/wp-json\/wp\/v2\/pages"}],"about":[{"href":"https:\/\/pgik.pgik.se\/index.php\/wp-json\/wp\/v2\/types\/page"}],"author":[{"embeddable":true,"href":"https:\/\/pgik.pgik.se\/index.php\/wp-json\/wp\/v2\/users\/1"}],"replies":[{"embeddable":true,"href":"https:\/\/pgik.pgik.se\/index.php\/wp-json\/wp\/v2\/comments?post=1007"}],"version-history":[{"count":16,"href":"https:\/\/pgik.pgik.se\/index.php\/wp-json\/wp\/v2\/pages\/1007\/revisions"}],"predecessor-version":[{"id":1083,"href":"https:\/\/pgik.pgik.se\/index.php\/wp-json\/wp\/v2\/pages\/1007\/revisions\/1083"}],"wp:featuredmedia":[{"embeddable":true,"href":"https:\/\/pgik.pgik.se\/index.php\/wp-json\/wp\/v2\/media\/643"}],"wp:attachment":[{"href":"https:\/\/pgik.pgik.se\/index.php\/wp-json\/wp\/v2\/media?parent=1007"}],"curies":[{"name":"wp","href":"https:\/\/api.w.org\/{rel}","templated":true}]}}