{"id":1077,"date":"2026-04-04T18:05:49","date_gmt":"2026-04-04T16:05:49","guid":{"rendered":"https:\/\/pgik.pgik.se\/?page_id=1077"},"modified":"2026-04-19T23:25:59","modified_gmt":"2026-04-19T21:25:59","slug":"arsmote-2026","status":"publish","type":"page","link":"https:\/\/pgik.pgik.se\/index.php\/arsmote-2026\/","title":{"rendered":"\u00c5rsm\u00f6te 5 mars 2026"},"content":{"rendered":"\n<h2 class=\"wp-block-heading\" id=\"block-5365a230-5831-4208-ba6d-93f4061d2b98\">\u00c5rsm\u00f6te 5 mars 2026<\/h2>\n\n\n\n<p id=\"block-57d6ecae-1bf2-4fe4-bc16-dfd9b1094a9c\"><strong>\u00c5rsm\u00f6teshandlingar:<\/strong><\/p>\n\n\n\n<p><a href=\"https:\/\/pgik.pgik.se\/wp-content\/uploads\/2026\/02\/PGIK-inbjudan-till-arsmote-2026.pdf\">PGIK inbjudan till \u00e5rsm\u00f6te 2026<\/a><\/p>\n\n\n\n<p><a href=\"https:\/\/pgik.pgik.se\/wp-content\/uploads\/2026\/02\/PGIK-Verksamhetsplan-2026.pdf\">PGIK Verksamhetsplan 2026<\/a><\/p>\n\n\n\n<p><a href=\"https:\/\/pgik.pgik.se\/wp-content\/uploads\/2026\/02\/PGIK-Valberedningsforslag-till-styrelse-2026.pdf\">PGIK Valberedningsf\u00f6rslag till styrelse 2026<\/a><\/p>\n\n\n\n<p><a href=\"https:\/\/pgik.pgik.se\/wp-content\/uploads\/2026\/02\/PGIK-Verksamhetsberattelse-2025.pdf\">PGIK Verksamhetsber\u00e4ttelse 2025<\/a><\/p>\n\n\n\n<p><a href=\"https:\/\/pgik.pgik.se\/wp-content\/uploads\/2026\/02\/PGIK-Stadgar-.pdf\">PGIK Stadgar<\/a><\/p>\n\n\n\n<p><a href=\"https:\/\/pgik.pgik.se\/wp-content\/uploads\/2026\/02\/Motion-Stugorna-i-Buskvallen.pdf\">Motion Stugorna i Buskvallen<\/a><\/p>\n\n\n\n<p><a href=\"https:\/\/pgik.pgik.se\/wp-content\/uploads\/2026\/03\/Svar-pa-Motion-Stugorna-i-Buskvallen-PGIK-arsmote-5-mars-2026.pdf\">Svar p\u00e5 Motion &#8217;Stugorna i Buskvallen&#8217; PGIK \u00e5rsm\u00f6te 5 mars 2026<\/a><\/p>\n\n\n\n<div class=\"wp-block-file\"><a id=\"wp-block-file--media-bc6fbe92-fdfc-4618-9edb-fcf09343d6cd\" href=\"https:\/\/pgik.pgik.se\/wp-content\/uploads\/2026\/04\/Protokoll-PGIK-arsmote-2026-vers-3.pdf\">Protokoll PGIK a\u030arsmo\u0308te 2026<\/a><\/div>\n","protected":false},"excerpt":{"rendered":"<p>\u00c5rsm\u00f6te 5 mars 2026 \u00c5rsm\u00f6teshandlingar: PGIK inbjudan till \u00e5rsm\u00f6te 2026 &hellip; <\/p>\n","protected":false},"author":1,"featured_media":643,"parent":0,"menu_order":0,"comment_status":"closed","ping_status":"closed","template":"","meta":{"footnotes":""},"class_list":["post-1077","page","type-page","status-publish","has-post-thumbnail","hentry"],"_links":{"self":[{"href":"https:\/\/pgik.pgik.se\/index.php\/wp-json\/wp\/v2\/pages\/1077","targetHints":{"allow":["GET"]}}],"collection":[{"href":"https:\/\/pgik.pgik.se\/index.php\/wp-json\/wp\/v2\/pages"}],"about":[{"href":"https:\/\/pgik.pgik.se\/index.php\/wp-json\/wp\/v2\/types\/page"}],"author":[{"embeddable":true,"href":"https:\/\/pgik.pgik.se\/index.php\/wp-json\/wp\/v2\/users\/1"}],"replies":[{"embeddable":true,"href":"https:\/\/pgik.pgik.se\/index.php\/wp-json\/wp\/v2\/comments?post=1077"}],"version-history":[{"count":4,"href":"https:\/\/pgik.pgik.se\/index.php\/wp-json\/wp\/v2\/pages\/1077\/revisions"}],"predecessor-version":[{"id":1098,"href":"https:\/\/pgik.pgik.se\/index.php\/wp-json\/wp\/v2\/pages\/1077\/revisions\/1098"}],"wp:featuredmedia":[{"embeddable":true,"href":"https:\/\/pgik.pgik.se\/index.php\/wp-json\/wp\/v2\/media\/643"}],"wp:attachment":[{"href":"https:\/\/pgik.pgik.se\/index.php\/wp-json\/wp\/v2\/media?parent=1077"}],"curies":[{"name":"wp","href":"https:\/\/api.w.org\/{rel}","templated":true}]}}