{"id":216,"date":"2024-12-30T15:59:32","date_gmt":"2024-12-30T14:59:32","guid":{"rendered":"https:\/\/pgik.pgik.se\/?page_id=216"},"modified":"2026-02-03T00:02:41","modified_gmt":"2026-02-02T23:02:41","slug":"lagenhet-4","status":"publish","type":"page","link":"https:\/\/pgik.pgik.se\/index.php\/lagenhet-4\/","title":{"rendered":"L\u00e4genhet 4"},"content":{"rendered":"\n<h2 class=\"wp-block-heading\">L\u00e4genhet 4<\/h2>\n\n\n\n<p>L\u00e4genhet 4 delar stuga med l\u00e4genhet 5 med 4-6 b\u00e4ddar. <\/p>\n\n\n\n<p>Stugan har ett rum med tv\u00e5 v\u00e5ningss\u00e4ngar och en b\u00e4ddsoffa f\u00f6r upp till 2 personer.<\/p>\n\n\n\n<p>Priset f\u00f6r <\/p>\n\n\n\n<ul class=\"wp-block-list\">\n<li>l\u00e5gs\u00e4song (v 17-51)<strong> 1 700 kr<\/strong><\/li>\n\n\n\n<li>mellan (v 2-8) <strong>2 100 kr<\/strong><\/li>\n\n\n\n<li>h\u00f6gs\u00e4song (v 1,9-16, 52) <strong>3 600 kr<\/strong><\/li>\n<\/ul>\n\n\n\n<p>Vid bokning av l\u00e4genhet 4 och 5 blir det samma hyreskostnad som f\u00f6r l\u00e4genhet 6 eller 7 (g\u00e4ller samtliga veckor).<\/p>\n\n\n\n<p>Se bildspel, under kan man klicka p\u00e5 de olika bilderna f\u00f6r att se dem i st\u00f6rre format.<\/p>\n\n\n\n<div class=\"alignnormal\"><div id=\"metaslider-id-498\" style=\"width: 100%;\" class=\"ml-slider-3-108-0 metaslider metaslider-flex metaslider-498 ml-slider has-dots-nav ms-theme-default-base\" role=\"region\" aria-label=\"L\u00e4genhet 4\" data-height=\"300\" data-width=\"700\">\n    <div id=\"metaslider_container_498\">\n        <div id=\"metaslider_498\">\n            <ul class='slides'>\n                <li style=\"display: block; width: 100%;\" class=\"slide-499 ms-image \" aria-roledescription=\"slide\" data-date=\"2025-01-02 23:21:52\" data-filename=\"stuga45-scaled-700x300.jpg\" data-slide-type=\"image\"><img loading=\"lazy\" decoding=\"async\" src=\"https:\/\/pgik.pgik.se\/wp-content\/uploads\/2024\/12\/stuga45-scaled-700x300.jpg\" height=\"300\" width=\"700\" alt=\"Bild p\u00e5 stugan med l\u00e4genhet 4 och 5.\" class=\"slider-498 slide-499 msDefaultImage\" title=\"stuga4+5\" \/><\/li>\n                <li style=\"display: none; width: 100%;\" class=\"slide-857 ms-image \" aria-roledescription=\"slide\" data-date=\"2025-09-18 11:34:58\" data-filename=\"peter_malar-scaled-700x300.jpg\" data-slide-type=\"image\"><img loading=\"lazy\" decoding=\"async\" src=\"https:\/\/pgik.pgik.se\/wp-content\/uploads\/2025\/09\/peter_malar-scaled-700x300.jpg\" height=\"300\" width=\"700\" alt=\"\" class=\"slider-498 slide-857 msDefaultImage\" title=\"peter_ma\u030alar\" \/><\/li>\n                <li style=\"display: none; width: 100%;\" class=\"slide-858 ms-image \" aria-roledescription=\"slide\" data-date=\"2025-09-18 11:35:15\" data-filename=\"stuga4-700x300.png\" data-slide-type=\"image\"><img loading=\"lazy\" decoding=\"async\" src=\"https:\/\/pgik.pgik.se\/wp-content\/uploads\/2025\/09\/stuga4-700x300.png\" height=\"300\" width=\"700\" alt=\"\" class=\"slider-498 slide-858 msDefaultImage\" title=\"stuga4\" \/><\/li>\n                <li style=\"display: none; width: 100%;\" class=\"slide-859 ms-image \" aria-roledescription=\"slide\" data-date=\"2025-09-18 11:35:26\" data-filename=\"stuga4_5_zoomad-scaled-700x300.png\" data-slide-type=\"image\"><img loading=\"lazy\" decoding=\"async\" src=\"https:\/\/pgik.pgik.se\/wp-content\/uploads\/2025\/09\/stuga4_5_zoomad-scaled-700x300.png\" height=\"300\" width=\"700\" alt=\"\" class=\"slider-498 slide-859 msDefaultImage\" title=\"stuga4_5_zoomad\" \/><\/li>\n                <li style=\"display: none; width: 100%;\" class=\"slide-500 ms-image \" aria-roledescription=\"slide\" data-date=\"2025-01-02 23:21:52\" data-filename=\"stuga4_allrum-scaled-700x300.jpg\" data-slide-type=\"image\"><img loading=\"lazy\" decoding=\"async\" src=\"https:\/\/pgik.pgik.se\/wp-content\/uploads\/2024\/12\/stuga4_allrum-scaled-700x300.jpg\" height=\"300\" width=\"700\" alt=\"\" class=\"slider-498 slide-500 msDefaultImage\" title=\"stuga4_allrum\" \/><\/li>\n                <li style=\"display: none; width: 100%;\" class=\"slide-503 ms-image \" aria-roledescription=\"slide\" data-date=\"2025-01-02 23:21:53\" data-filename=\"stuga4_kok-scaled-700x300.jpg\" data-slide-type=\"image\"><img loading=\"lazy\" decoding=\"async\" src=\"https:\/\/pgik.pgik.se\/wp-content\/uploads\/2024\/12\/stuga4_kok-scaled-700x300.jpg\" height=\"300\" width=\"700\" alt=\"\" class=\"slider-498 slide-503 msDefaultImage\" title=\"stuga4_kok\" \/><\/li>\n                <li style=\"display: none; width: 100%;\" class=\"slide-501 ms-image \" aria-roledescription=\"slide\" data-date=\"2025-01-02 23:21:53\" data-filename=\"stuga4_sovrum-scaled-700x300.jpg\" data-slide-type=\"image\"><img loading=\"lazy\" decoding=\"async\" src=\"https:\/\/pgik.pgik.se\/wp-content\/uploads\/2024\/12\/stuga4_sovrum-scaled-700x300.jpg\" height=\"300\" width=\"700\" alt=\"Bild p\u00e5 sovrummet i stuga 4\" class=\"slider-498 slide-501 msDefaultImage\" title=\"stuga4_sovrum\" \/><\/li>\n                <li style=\"display: none; width: 100%;\" class=\"slide-502 ms-image \" aria-roledescription=\"slide\" data-date=\"2025-01-02 23:21:53\" data-filename=\"stuga4_badrum-scaled-700x300.jpg\" data-slide-type=\"image\"><img loading=\"lazy\" decoding=\"async\" src=\"https:\/\/pgik.pgik.se\/wp-content\/uploads\/2024\/12\/stuga4_badrum-scaled-700x300.jpg\" height=\"300\" width=\"700\" alt=\"\" class=\"slider-498 slide-502 msDefaultImage\" title=\"stuga4_badrum\" \/><\/li>\n                <li style=\"display: none; width: 100%;\" class=\"slide-504 ms-image \" aria-roledescription=\"slide\" data-date=\"2025-01-02 23:21:53\" data-filename=\"stuga4_hall_inifran-scaled-700x300.jpg\" data-slide-type=\"image\"><img loading=\"lazy\" decoding=\"async\" src=\"https:\/\/pgik.pgik.se\/wp-content\/uploads\/2024\/12\/stuga4_hall_inifran-scaled-700x300.jpg\" height=\"300\" width=\"700\" alt=\"\" class=\"slider-498 slide-504 msDefaultImage\" title=\"stuga4_hall_inifran\" \/><\/li>\n            <\/ul>\n        <\/div>\n        \n    <\/div>\n<\/div><\/div>\n\n\n\n<figure class=\"wp-block-gallery has-nested-images columns-3 is-cropped wp-block-gallery-1 is-layout-flex wp-block-gallery-is-layout-flex\">\n<figure data-wp-context=\"{&quot;imageId&quot;:&quot;69f1a62b47a0b&quot;}\" data-wp-interactive=\"core\/image\" data-wp-key=\"69f1a62b47a0b\" class=\"wp-block-image size-thumbnail wp-lightbox-container\"><img loading=\"lazy\" decoding=\"async\" width=\"150\" height=\"150\" data-wp-class--hide=\"state.isContentHidden\" data-wp-class--show=\"state.isContentVisible\" data-wp-init=\"callbacks.setButtonStyles\" data-wp-on--click=\"actions.showLightbox\" data-wp-on--load=\"callbacks.setButtonStyles\" data-wp-on-window--resize=\"callbacks.setButtonStyles\" data-id=\"223\" src=\"https:\/\/pgik.pgik.se\/wp-content\/uploads\/2024\/12\/stuga45-150x150.jpg\" alt=\"Bild p\u00e5 stuga 4\" class=\"wp-image-223\"\/><button\n\t\t\tclass=\"lightbox-trigger\"\n\t\t\ttype=\"button\"\n\t\t\taria-haspopup=\"dialog\"\n\t\t\taria-label=\"F\u00f6rstora\"\n\t\t\tdata-wp-init=\"callbacks.initTriggerButton\"\n\t\t\tdata-wp-on--click=\"actions.showLightbox\"\n\t\t\tdata-wp-style--right=\"state.imageButtonRight\"\n\t\t\tdata-wp-style--top=\"state.imageButtonTop\"\n\t\t>\n\t\t\t<svg xmlns=\"http:\/\/www.w3.org\/2000\/svg\" width=\"12\" height=\"12\" fill=\"none\" viewBox=\"0 0 12 12\">\n\t\t\t\t<path fill=\"#fff\" d=\"M2 0a2 2 0 0 0-2 2v2h1.5V2a.5.5 0 0 1 .5-.5h2V0H2Zm2 10.5H2a.5.5 0 0 1-.5-.5V8H0v2a2 2 0 0 0 2 2h2v-1.5ZM8 12v-1.5h2a.5.5 0 0 0 .5-.5V8H12v2a2 2 0 0 1-2 2H8Zm2-12a2 2 0 0 1 2 2v2h-1.5V2a.5.5 0 0 0-.5-.5H8V0h2Z\" \/>\n\t\t\t<\/svg>\n\t\t<\/button><\/figure>\n\n\n\n<figure data-wp-context=\"{&quot;imageId&quot;:&quot;69f1a62b48083&quot;}\" data-wp-interactive=\"core\/image\" data-wp-key=\"69f1a62b48083\" class=\"wp-block-image size-thumbnail wp-lightbox-container\"><img loading=\"lazy\" decoding=\"async\" width=\"150\" height=\"150\" data-wp-class--hide=\"state.isContentHidden\" data-wp-class--show=\"state.isContentVisible\" data-wp-init=\"callbacks.setButtonStyles\" data-wp-on--click=\"actions.showLightbox\" data-wp-on--load=\"callbacks.setButtonStyles\" data-wp-on-window--resize=\"callbacks.setButtonStyles\" data-id=\"844\" src=\"https:\/\/pgik.pgik.se\/wp-content\/uploads\/2025\/09\/peter_malar-150x150.jpg\" alt=\"Peter m\u00e5lar\" class=\"wp-image-844\"\/><button\n\t\t\tclass=\"lightbox-trigger\"\n\t\t\ttype=\"button\"\n\t\t\taria-haspopup=\"dialog\"\n\t\t\taria-label=\"F\u00f6rstora\"\n\t\t\tdata-wp-init=\"callbacks.initTriggerButton\"\n\t\t\tdata-wp-on--click=\"actions.showLightbox\"\n\t\t\tdata-wp-style--right=\"state.imageButtonRight\"\n\t\t\tdata-wp-style--top=\"state.imageButtonTop\"\n\t\t>\n\t\t\t<svg xmlns=\"http:\/\/www.w3.org\/2000\/svg\" width=\"12\" height=\"12\" fill=\"none\" viewBox=\"0 0 12 12\">\n\t\t\t\t<path fill=\"#fff\" d=\"M2 0a2 2 0 0 0-2 2v2h1.5V2a.5.5 0 0 1 .5-.5h2V0H2Zm2 10.5H2a.5.5 0 0 1-.5-.5V8H0v2a2 2 0 0 0 2 2h2v-1.5ZM8 12v-1.5h2a.5.5 0 0 0 .5-.5V8H12v2a2 2 0 0 1-2 2H8Zm2-12a2 2 0 0 1 2 2v2h-1.5V2a.5.5 0 0 0-.5-.5H8V0h2Z\" \/>\n\t\t\t<\/svg>\n\t\t<\/button><\/figure>\n\n\n\n<figure data-wp-context=\"{&quot;imageId&quot;:&quot;69f1a62b48654&quot;}\" data-wp-interactive=\"core\/image\" data-wp-key=\"69f1a62b48654\" class=\"wp-block-image size-thumbnail wp-lightbox-container\"><img loading=\"lazy\" decoding=\"async\" width=\"150\" height=\"150\" data-wp-class--hide=\"state.isContentHidden\" data-wp-class--show=\"state.isContentVisible\" data-wp-init=\"callbacks.setButtonStyles\" data-wp-on--click=\"actions.showLightbox\" data-wp-on--load=\"callbacks.setButtonStyles\" data-wp-on-window--resize=\"callbacks.setButtonStyles\" data-id=\"853\" src=\"https:\/\/pgik.pgik.se\/wp-content\/uploads\/2025\/09\/stuga4-150x150.png\" alt=\"Bild p\u00e5 stuga 4\" class=\"wp-image-853\"\/><button\n\t\t\tclass=\"lightbox-trigger\"\n\t\t\ttype=\"button\"\n\t\t\taria-haspopup=\"dialog\"\n\t\t\taria-label=\"F\u00f6rstora\"\n\t\t\tdata-wp-init=\"callbacks.initTriggerButton\"\n\t\t\tdata-wp-on--click=\"actions.showLightbox\"\n\t\t\tdata-wp-style--right=\"state.imageButtonRight\"\n\t\t\tdata-wp-style--top=\"state.imageButtonTop\"\n\t\t>\n\t\t\t<svg xmlns=\"http:\/\/www.w3.org\/2000\/svg\" width=\"12\" height=\"12\" fill=\"none\" viewBox=\"0 0 12 12\">\n\t\t\t\t<path fill=\"#fff\" d=\"M2 0a2 2 0 0 0-2 2v2h1.5V2a.5.5 0 0 1 .5-.5h2V0H2Zm2 10.5H2a.5.5 0 0 1-.5-.5V8H0v2a2 2 0 0 0 2 2h2v-1.5ZM8 12v-1.5h2a.5.5 0 0 0 .5-.5V8H12v2a2 2 0 0 1-2 2H8Zm2-12a2 2 0 0 1 2 2v2h-1.5V2a.5.5 0 0 0-.5-.5H8V0h2Z\" \/>\n\t\t\t<\/svg>\n\t\t<\/button><\/figure>\n\n\n\n<figure data-wp-context=\"{&quot;imageId&quot;:&quot;69f1a62b48bbd&quot;}\" data-wp-interactive=\"core\/image\" data-wp-key=\"69f1a62b48bbd\" class=\"wp-block-image size-thumbnail wp-lightbox-container\"><img loading=\"lazy\" decoding=\"async\" width=\"150\" height=\"150\" data-wp-class--hide=\"state.isContentHidden\" data-wp-class--show=\"state.isContentVisible\" data-wp-init=\"callbacks.setButtonStyles\" data-wp-on--click=\"actions.showLightbox\" data-wp-on--load=\"callbacks.setButtonStyles\" data-wp-on-window--resize=\"callbacks.setButtonStyles\" data-id=\"843\" src=\"https:\/\/pgik.pgik.se\/wp-content\/uploads\/2025\/09\/stuga4_5-150x150.jpg\" alt=\"Stuga 4 och 5, nym\u00e5lad och fin.\" class=\"wp-image-843\"\/><button\n\t\t\tclass=\"lightbox-trigger\"\n\t\t\ttype=\"button\"\n\t\t\taria-haspopup=\"dialog\"\n\t\t\taria-label=\"F\u00f6rstora\"\n\t\t\tdata-wp-init=\"callbacks.initTriggerButton\"\n\t\t\tdata-wp-on--click=\"actions.showLightbox\"\n\t\t\tdata-wp-style--right=\"state.imageButtonRight\"\n\t\t\tdata-wp-style--top=\"state.imageButtonTop\"\n\t\t>\n\t\t\t<svg xmlns=\"http:\/\/www.w3.org\/2000\/svg\" width=\"12\" height=\"12\" fill=\"none\" viewBox=\"0 0 12 12\">\n\t\t\t\t<path fill=\"#fff\" d=\"M2 0a2 2 0 0 0-2 2v2h1.5V2a.5.5 0 0 1 .5-.5h2V0H2Zm2 10.5H2a.5.5 0 0 1-.5-.5V8H0v2a2 2 0 0 0 2 2h2v-1.5ZM8 12v-1.5h2a.5.5 0 0 0 .5-.5V8H12v2a2 2 0 0 1-2 2H8Zm2-12a2 2 0 0 1 2 2v2h-1.5V2a.5.5 0 0 0-.5-.5H8V0h2Z\" \/>\n\t\t\t<\/svg>\n\t\t<\/button><\/figure>\n\n\n\n<figure data-wp-context=\"{&quot;imageId&quot;:&quot;69f1a62b490b1&quot;}\" data-wp-interactive=\"core\/image\" data-wp-key=\"69f1a62b490b1\" class=\"wp-block-image size-thumbnail wp-lightbox-container\"><img loading=\"lazy\" decoding=\"async\" width=\"150\" height=\"150\" data-wp-class--hide=\"state.isContentHidden\" data-wp-class--show=\"state.isContentVisible\" data-wp-init=\"callbacks.setButtonStyles\" data-wp-on--click=\"actions.showLightbox\" data-wp-on--load=\"callbacks.setButtonStyles\" data-wp-on-window--resize=\"callbacks.setButtonStyles\" data-id=\"218\" src=\"https:\/\/pgik.pgik.se\/wp-content\/uploads\/2024\/12\/stuga4_kok-150x150.jpg\" alt=\"Bild p\u00e5 k\u00f6ket i stuga 4\" class=\"wp-image-218\"\/><button\n\t\t\tclass=\"lightbox-trigger\"\n\t\t\ttype=\"button\"\n\t\t\taria-haspopup=\"dialog\"\n\t\t\taria-label=\"F\u00f6rstora\"\n\t\t\tdata-wp-init=\"callbacks.initTriggerButton\"\n\t\t\tdata-wp-on--click=\"actions.showLightbox\"\n\t\t\tdata-wp-style--right=\"state.imageButtonRight\"\n\t\t\tdata-wp-style--top=\"state.imageButtonTop\"\n\t\t>\n\t\t\t<svg xmlns=\"http:\/\/www.w3.org\/2000\/svg\" width=\"12\" height=\"12\" fill=\"none\" viewBox=\"0 0 12 12\">\n\t\t\t\t<path fill=\"#fff\" d=\"M2 0a2 2 0 0 0-2 2v2h1.5V2a.5.5 0 0 1 .5-.5h2V0H2Zm2 10.5H2a.5.5 0 0 1-.5-.5V8H0v2a2 2 0 0 0 2 2h2v-1.5ZM8 12v-1.5h2a.5.5 0 0 0 .5-.5V8H12v2a2 2 0 0 1-2 2H8Zm2-12a2 2 0 0 1 2 2v2h-1.5V2a.5.5 0 0 0-.5-.5H8V0h2Z\" \/>\n\t\t\t<\/svg>\n\t\t<\/button><\/figure>\n\n\n\n<figure data-wp-context=\"{&quot;imageId&quot;:&quot;69f1a62b49522&quot;}\" data-wp-interactive=\"core\/image\" data-wp-key=\"69f1a62b49522\" class=\"wp-block-image size-thumbnail wp-lightbox-container\"><img loading=\"lazy\" decoding=\"async\" width=\"150\" height=\"150\" data-wp-class--hide=\"state.isContentHidden\" data-wp-class--show=\"state.isContentVisible\" data-wp-init=\"callbacks.setButtonStyles\" data-wp-on--click=\"actions.showLightbox\" data-wp-on--load=\"callbacks.setButtonStyles\" data-wp-on-window--resize=\"callbacks.setButtonStyles\" data-id=\"219\" src=\"https:\/\/pgik.pgik.se\/wp-content\/uploads\/2024\/12\/stuga4_badrum-150x150.jpg\" alt=\"Bild p\u00e5 badrummet i stuga 4\" class=\"wp-image-219\"\/><button\n\t\t\tclass=\"lightbox-trigger\"\n\t\t\ttype=\"button\"\n\t\t\taria-haspopup=\"dialog\"\n\t\t\taria-label=\"F\u00f6rstora\"\n\t\t\tdata-wp-init=\"callbacks.initTriggerButton\"\n\t\t\tdata-wp-on--click=\"actions.showLightbox\"\n\t\t\tdata-wp-style--right=\"state.imageButtonRight\"\n\t\t\tdata-wp-style--top=\"state.imageButtonTop\"\n\t\t>\n\t\t\t<svg xmlns=\"http:\/\/www.w3.org\/2000\/svg\" width=\"12\" height=\"12\" fill=\"none\" viewBox=\"0 0 12 12\">\n\t\t\t\t<path fill=\"#fff\" d=\"M2 0a2 2 0 0 0-2 2v2h1.5V2a.5.5 0 0 1 .5-.5h2V0H2Zm2 10.5H2a.5.5 0 0 1-.5-.5V8H0v2a2 2 0 0 0 2 2h2v-1.5ZM8 12v-1.5h2a.5.5 0 0 0 .5-.5V8H12v2a2 2 0 0 1-2 2H8Zm2-12a2 2 0 0 1 2 2v2h-1.5V2a.5.5 0 0 0-.5-.5H8V0h2Z\" \/>\n\t\t\t<\/svg>\n\t\t<\/button><\/figure>\n\n\n\n<figure data-wp-context=\"{&quot;imageId&quot;:&quot;69f1a62b49af3&quot;}\" data-wp-interactive=\"core\/image\" data-wp-key=\"69f1a62b49af3\" class=\"wp-block-image size-thumbnail wp-lightbox-container\"><img loading=\"lazy\" decoding=\"async\" width=\"150\" height=\"150\" data-wp-class--hide=\"state.isContentHidden\" data-wp-class--show=\"state.isContentVisible\" data-wp-init=\"callbacks.setButtonStyles\" data-wp-on--click=\"actions.showLightbox\" data-wp-on--load=\"callbacks.setButtonStyles\" data-wp-on-window--resize=\"callbacks.setButtonStyles\" data-id=\"222\" src=\"https:\/\/pgik.pgik.se\/wp-content\/uploads\/2024\/12\/stuga4_allrum-150x150.jpg\" alt=\"Bild p\u00e5 rummet i stuga 4.\" class=\"wp-image-222\"\/><button\n\t\t\tclass=\"lightbox-trigger\"\n\t\t\ttype=\"button\"\n\t\t\taria-haspopup=\"dialog\"\n\t\t\taria-label=\"F\u00f6rstora\"\n\t\t\tdata-wp-init=\"callbacks.initTriggerButton\"\n\t\t\tdata-wp-on--click=\"actions.showLightbox\"\n\t\t\tdata-wp-style--right=\"state.imageButtonRight\"\n\t\t\tdata-wp-style--top=\"state.imageButtonTop\"\n\t\t>\n\t\t\t<svg xmlns=\"http:\/\/www.w3.org\/2000\/svg\" width=\"12\" height=\"12\" fill=\"none\" viewBox=\"0 0 12 12\">\n\t\t\t\t<path fill=\"#fff\" d=\"M2 0a2 2 0 0 0-2 2v2h1.5V2a.5.5 0 0 1 .5-.5h2V0H2Zm2 10.5H2a.5.5 0 0 1-.5-.5V8H0v2a2 2 0 0 0 2 2h2v-1.5ZM8 12v-1.5h2a.5.5 0 0 0 .5-.5V8H12v2a2 2 0 0 1-2 2H8Zm2-12a2 2 0 0 1 2 2v2h-1.5V2a.5.5 0 0 0-.5-.5H8V0h2Z\" \/>\n\t\t\t<\/svg>\n\t\t<\/button><\/figure>\n\n\n\n<figure data-wp-context=\"{&quot;imageId&quot;:&quot;69f1a62b4a0a2&quot;}\" data-wp-interactive=\"core\/image\" data-wp-key=\"69f1a62b4a0a2\" class=\"wp-block-image size-thumbnail wp-lightbox-container\"><img loading=\"lazy\" decoding=\"async\" width=\"150\" height=\"150\" data-wp-class--hide=\"state.isContentHidden\" data-wp-class--show=\"state.isContentVisible\" data-wp-init=\"callbacks.setButtonStyles\" data-wp-on--click=\"actions.showLightbox\" data-wp-on--load=\"callbacks.setButtonStyles\" data-wp-on-window--resize=\"callbacks.setButtonStyles\" data-id=\"220\" src=\"https:\/\/pgik.pgik.se\/wp-content\/uploads\/2024\/12\/stuga4_sovrum-150x150.jpg\" alt=\"Bild p\u00e5 sovrummet i stuga 4\" class=\"wp-image-220\"\/><button\n\t\t\tclass=\"lightbox-trigger\"\n\t\t\ttype=\"button\"\n\t\t\taria-haspopup=\"dialog\"\n\t\t\taria-label=\"F\u00f6rstora\"\n\t\t\tdata-wp-init=\"callbacks.initTriggerButton\"\n\t\t\tdata-wp-on--click=\"actions.showLightbox\"\n\t\t\tdata-wp-style--right=\"state.imageButtonRight\"\n\t\t\tdata-wp-style--top=\"state.imageButtonTop\"\n\t\t>\n\t\t\t<svg xmlns=\"http:\/\/www.w3.org\/2000\/svg\" width=\"12\" height=\"12\" fill=\"none\" viewBox=\"0 0 12 12\">\n\t\t\t\t<path fill=\"#fff\" d=\"M2 0a2 2 0 0 0-2 2v2h1.5V2a.5.5 0 0 1 .5-.5h2V0H2Zm2 10.5H2a.5.5 0 0 1-.5-.5V8H0v2a2 2 0 0 0 2 2h2v-1.5ZM8 12v-1.5h2a.5.5 0 0 0 .5-.5V8H12v2a2 2 0 0 1-2 2H8Zm2-12a2 2 0 0 1 2 2v2h-1.5V2a.5.5 0 0 0-.5-.5H8V0h2Z\" \/>\n\t\t\t<\/svg>\n\t\t<\/button><\/figure>\n\n\n\n<figure data-wp-context=\"{&quot;imageId&quot;:&quot;69f1a62b4a5c9&quot;}\" data-wp-interactive=\"core\/image\" data-wp-key=\"69f1a62b4a5c9\" class=\"wp-block-image size-thumbnail wp-lightbox-container\"><img loading=\"lazy\" decoding=\"async\" width=\"150\" height=\"150\" data-wp-class--hide=\"state.isContentHidden\" data-wp-class--show=\"state.isContentVisible\" data-wp-init=\"callbacks.setButtonStyles\" data-wp-on--click=\"actions.showLightbox\" data-wp-on--load=\"callbacks.setButtonStyles\" data-wp-on-window--resize=\"callbacks.setButtonStyles\" data-id=\"217\" src=\"https:\/\/pgik.pgik.se\/wp-content\/uploads\/2024\/12\/stuga4_hall_inifran-150x150.jpg\" alt=\"Bild p\u00e5 hallen i stuga 4\" class=\"wp-image-217\"\/><button\n\t\t\tclass=\"lightbox-trigger\"\n\t\t\ttype=\"button\"\n\t\t\taria-haspopup=\"dialog\"\n\t\t\taria-label=\"F\u00f6rstora\"\n\t\t\tdata-wp-init=\"callbacks.initTriggerButton\"\n\t\t\tdata-wp-on--click=\"actions.showLightbox\"\n\t\t\tdata-wp-style--right=\"state.imageButtonRight\"\n\t\t\tdata-wp-style--top=\"state.imageButtonTop\"\n\t\t>\n\t\t\t<svg xmlns=\"http:\/\/www.w3.org\/2000\/svg\" width=\"12\" height=\"12\" fill=\"none\" viewBox=\"0 0 12 12\">\n\t\t\t\t<path fill=\"#fff\" d=\"M2 0a2 2 0 0 0-2 2v2h1.5V2a.5.5 0 0 1 .5-.5h2V0H2Zm2 10.5H2a.5.5 0 0 1-.5-.5V8H0v2a2 2 0 0 0 2 2h2v-1.5ZM8 12v-1.5h2a.5.5 0 0 0 .5-.5V8H12v2a2 2 0 0 1-2 2H8Zm2-12a2 2 0 0 1 2 2v2h-1.5V2a.5.5 0 0 0-.5-.5H8V0h2Z\" \/>\n\t\t\t<\/svg>\n\t\t<\/button><\/figure>\n<\/figure>\n\n\n\n<hr class=\"wp-block-separator has-alpha-channel-opacity\"\/>\n\n\n\n<p><a href=\"https:\/\/pgik.pgik.se\/index.php\/buskvallen-2\/\" data-type=\"page\" data-id=\"46\">Tillbaka till sidan f\u00f6r Buskvallen<\/a><\/p>\n\n\n\n<p><\/p>\n","protected":false},"excerpt":{"rendered":"<p>L\u00e4genhet 4 L\u00e4genhet 4 delar stuga med l\u00e4genhet 5 med &hellip; <\/p>\n","protected":false},"author":1,"featured_media":223,"parent":0,"menu_order":0,"comment_status":"closed","ping_status":"closed","template":"","meta":{"footnotes":""},"class_list":["post-216","page","type-page","status-publish","has-post-thumbnail","hentry"],"_links":{"self":[{"href":"https:\/\/pgik.pgik.se\/index.php\/wp-json\/wp\/v2\/pages\/216","targetHints":{"allow":["GET"]}}],"collection":[{"href":"https:\/\/pgik.pgik.se\/index.php\/wp-json\/wp\/v2\/pages"}],"about":[{"href":"https:\/\/pgik.pgik.se\/index.php\/wp-json\/wp\/v2\/types\/page"}],"author":[{"embeddable":true,"href":"https:\/\/pgik.pgik.se\/index.php\/wp-json\/wp\/v2\/users\/1"}],"replies":[{"embeddable":true,"href":"https:\/\/pgik.pgik.se\/index.php\/wp-json\/wp\/v2\/comments?post=216"}],"version-history":[{"count":20,"href":"https:\/\/pgik.pgik.se\/index.php\/wp-json\/wp\/v2\/pages\/216\/revisions"}],"predecessor-version":[{"id":871,"href":"https:\/\/pgik.pgik.se\/index.php\/wp-json\/wp\/v2\/pages\/216\/revisions\/871"}],"wp:featuredmedia":[{"embeddable":true,"href":"https:\/\/pgik.pgik.se\/index.php\/wp-json\/wp\/v2\/media\/223"}],"wp:attachment":[{"href":"https:\/\/pgik.pgik.se\/index.php\/wp-json\/wp\/v2\/media?parent=216"}],"curies":[{"name":"wp","href":"https:\/\/api.w.org\/{rel}","templated":true}]}}