{"id":23,"date":"2024-12-20T01:57:14","date_gmt":"2024-12-20T00:57:14","guid":{"rendered":"https:\/\/pgik.pgik.se\/?page_id=23"},"modified":"2026-02-09T22:23:50","modified_gmt":"2026-02-09T21:23:50","slug":"aktiviteter","status":"publish","type":"page","link":"https:\/\/pgik.pgik.se\/index.php\/aktiviteter\/","title":{"rendered":"Aktiviteter"},"content":{"rendered":"\n<h2 class=\"wp-block-heading\">Aktiviteter <\/h2>\n\n\n\n<p><strong>Vi s\u00f6ker dig som vill engagera dig i v\u00e5ra aktiviteter!<\/strong><br>Tycker du att det \u00e4r roligt att planera och samordna olika aktiviteter? D\u00e5 kanske du \u00e4r den vi letar efter! PGIK s\u00f6ker just nu en ansvarig f\u00f6r aktiviteter.<br>Intresserad eller vill veta mer? H\u00f6r av dig till: <a class=\"\">pgik.ordforande@pgik.se<\/a><\/p>\n\n\n\n<hr class=\"wp-block-separator has-alpha-channel-opacity\"\/>\n\n\n\n<div class=\"wp-block-media-text is-stacked-on-mobile\"><figure class=\"wp-block-media-text__media\"><img loading=\"lazy\" decoding=\"async\" width=\"820\" height=\"310\" src=\"https:\/\/pgik.pgik.se\/wp-content\/uploads\/2025\/12\/tutankhamon.jpg\" alt=\"Bild p\u00e5 Tutankhamons utst\u00e4llning\" class=\"wp-image-975 size-full\" srcset=\"https:\/\/pgik.pgik.se\/wp-content\/uploads\/2025\/12\/tutankhamon.jpg 820w, https:\/\/pgik.pgik.se\/wp-content\/uploads\/2025\/12\/tutankhamon-300x113.jpg 300w, https:\/\/pgik.pgik.se\/wp-content\/uploads\/2025\/12\/tutankhamon-768x290.jpg 768w\" sizes=\"auto, (max-width: 820px) 100vw, 820px\" \/><\/figure><div class=\"wp-block-media-text__content\">\n<p>PGIK bjuder in till Tutankhamon&nbsp;\u2014&nbsp;The immersive exhibition<\/p>\n\n\n\n<p>Torsdagen 29 januari 2026, kl. 17.00, <a href=\"https:\/\/pgik.pgik.se\/index.php\/tutankhamon-the-immersive-exhibition-stockholm\/\" data-type=\"page\" data-id=\"986\">l\u00e4s mer<\/a><\/p>\n<\/div><\/div>\n\n\n\n<hr class=\"wp-block-separator has-alpha-channel-opacity\"\/>\n\n\n\n<div class=\"wp-block-media-text has-media-on-the-right is-stacked-on-mobile\"><div class=\"wp-block-media-text__content\">\n<p>\u00c5rsm\u00f6te PGIK p\u00e5 Metargatan 26 p\u00e5 S\u00f6der<\/p>\n\n\n\n<p>Torsdagen 5 mars, kl. 17.00, <a href=\"https:\/\/pgik.pgik.se\/index.php\/arsmote\/\" data-type=\"page\" data-id=\"1007\">l\u00e4s mer<\/a><\/p>\n<\/div><figure class=\"wp-block-media-text__media\"><img loading=\"lazy\" decoding=\"async\" width=\"1001\" height=\"667\" src=\"https:\/\/pgik.pgik.se\/wp-content\/uploads\/2025\/01\/arsmote.jpeg\" alt=\"Bild p\u00e5 \u00e5rsm\u00f6te\" class=\"wp-image-643 size-full\" srcset=\"https:\/\/pgik.pgik.se\/wp-content\/uploads\/2025\/01\/arsmote.jpeg 1001w, https:\/\/pgik.pgik.se\/wp-content\/uploads\/2025\/01\/arsmote-300x200.jpeg 300w, https:\/\/pgik.pgik.se\/wp-content\/uploads\/2025\/01\/arsmote-768x512.jpeg 768w, https:\/\/pgik.pgik.se\/wp-content\/uploads\/2025\/01\/arsmote-370x247.jpeg 370w, https:\/\/pgik.pgik.se\/wp-content\/uploads\/2025\/01\/arsmote-776x517.jpeg 776w\" sizes=\"auto, (max-width: 1001px) 100vw, 1001px\" \/><\/figure><\/div>\n\n\n\n<hr class=\"wp-block-separator has-alpha-channel-opacity\"\/>\n\n\n\n<ul class=\"wp-block-list\">\n<li><a href=\"https:\/\/pgik.pgik.se\/index.php\/aktiviteter-2\/\" data-type=\"page\" data-id=\"971\">Se aktiviteterna f\u00f6r 2025<\/a><\/li>\n\n\n\n<li><a href=\"https:\/\/pgik.pgik.se\/index.php\/aktiviteter-2024\/\" data-type=\"page\" data-id=\"337\">Se aktiviteterna f\u00f6r 2024<\/a><\/li>\n\n\n\n<li><a href=\"https:\/\/pgik.pgik.se\/index.php\/aktiviteter-2023\/\" data-type=\"page\" data-id=\"188\">Se aktiviteterna f\u00f6r 2023<\/a><\/li>\n<\/ul>\n\n\n\n<hr class=\"wp-block-separator has-alpha-channel-opacity\"\/>\n\n\n\n<p><\/p>\n","protected":false},"excerpt":{"rendered":"<p>Aktiviteter Vi s\u00f6ker dig som vill engagera dig i v\u00e5ra &hellip; <\/p>\n","protected":false},"author":1,"featured_media":197,"parent":0,"menu_order":0,"comment_status":"closed","ping_status":"closed","template":"","meta":{"footnotes":""},"class_list":["post-23","page","type-page","status-publish","has-post-thumbnail","hentry"],"_links":{"self":[{"href":"https:\/\/pgik.pgik.se\/index.php\/wp-json\/wp\/v2\/pages\/23","targetHints":{"allow":["GET"]}}],"collection":[{"href":"https:\/\/pgik.pgik.se\/index.php\/wp-json\/wp\/v2\/pages"}],"about":[{"href":"https:\/\/pgik.pgik.se\/index.php\/wp-json\/wp\/v2\/types\/page"}],"author":[{"embeddable":true,"href":"https:\/\/pgik.pgik.se\/index.php\/wp-json\/wp\/v2\/users\/1"}],"replies":[{"embeddable":true,"href":"https:\/\/pgik.pgik.se\/index.php\/wp-json\/wp\/v2\/comments?post=23"}],"version-history":[{"count":50,"href":"https:\/\/pgik.pgik.se\/index.php\/wp-json\/wp\/v2\/pages\/23\/revisions"}],"predecessor-version":[{"id":1032,"href":"https:\/\/pgik.pgik.se\/index.php\/wp-json\/wp\/v2\/pages\/23\/revisions\/1032"}],"wp:featuredmedia":[{"embeddable":true,"href":"https:\/\/pgik.pgik.se\/index.php\/wp-json\/wp\/v2\/media\/197"}],"wp:attachment":[{"href":"https:\/\/pgik.pgik.se\/index.php\/wp-json\/wp\/v2\/media?parent=23"}],"curies":[{"name":"wp","href":"https:\/\/api.w.org\/{rel}","templated":true}]}}