{"id":232,"date":"2024-12-30T16:11:45","date_gmt":"2024-12-30T15:11:45","guid":{"rendered":"https:\/\/pgik.pgik.se\/?page_id=232"},"modified":"2026-02-03T00:06:55","modified_gmt":"2026-02-02T23:06:55","slug":"lagenhet-5","status":"publish","type":"page","link":"https:\/\/pgik.pgik.se\/index.php\/lagenhet-5\/","title":{"rendered":"L\u00e4genhet 5"},"content":{"rendered":"\n<h2 class=\"wp-block-heading\">L\u00e4genhet 5<\/h2>\n\n\n\n<p>L\u00e4genhet 5 delar stuga med l\u00e4genhet 4 med 4-6 b\u00e4ddar. <\/p>\n\n\n\n<p>Stugan har ett rum med tv\u00e5 v\u00e5ningss\u00e4ngar och en b\u00e4ddsoffa f\u00f6r upp till 2 personer.<\/p>\n\n\n\n<p>Priset f\u00f6r <\/p>\n\n\n\n<ul class=\"wp-block-list\">\n<li>l\u00e5gs\u00e4song (v 17-51)<strong> 1 700 kr<\/strong><\/li>\n\n\n\n<li>mellan (v 2-8) <strong>2 100 kr<\/strong><\/li>\n\n\n\n<li>h\u00f6gs\u00e4song (v 1,9-16, 52) <strong>3 600 kr<\/strong><\/li>\n<\/ul>\n\n\n\n<p>Vid bokning av l\u00e4genhet 4 och 5 blir det samma hyreskostnad som f\u00f6r l\u00e4genhet 6 eller 7 (g\u00e4ller samtliga veckor).<\/p>\n\n\n\n<p>Se bildspel, under kan man klicka p\u00e5 de olika bilderna f\u00f6r att se dem i st\u00f6rre format.<\/p>\n\n\n\n<div class=\"alignnormal\"><div id=\"metaslider-id-508\" style=\"width: 100%;\" class=\"ml-slider-3-108-0 metaslider metaslider-flex metaslider-508 ml-slider has-dots-nav ms-theme-default-base\" role=\"region\" aria-label=\"L\u00e4genhet 5\" data-height=\"300\" data-width=\"700\">\n    <div id=\"metaslider_container_508\">\n        <div id=\"metaslider_508\">\n            <ul class='slides'>\n                <li style=\"display: block; width: 100%;\" class=\"slide-514 ms-image \" aria-roledescription=\"slide\" data-date=\"2025-01-02 23:33:59\" data-filename=\"stuga5-scaled-700x300.jpg\" data-slide-type=\"image\"><img loading=\"lazy\" decoding=\"async\" src=\"https:\/\/pgik.pgik.se\/wp-content\/uploads\/2024\/12\/stuga5-scaled-700x300.jpg\" height=\"300\" width=\"700\" alt=\"Bild p\u00e5 stuga 5\" class=\"slider-508 slide-514 msDefaultImage\" title=\"stuga5\" \/><\/li>\n                <li style=\"display: none; width: 100%;\" class=\"slide-867 ms-image \" aria-roledescription=\"slide\" data-date=\"2025-09-18 11:55:10\" data-filename=\"peter_malar-scaled-700x300.jpg\" data-slide-type=\"image\"><img loading=\"lazy\" decoding=\"async\" src=\"https:\/\/pgik.pgik.se\/wp-content\/uploads\/2025\/09\/peter_malar-scaled-700x300.jpg\" height=\"300\" width=\"700\" alt=\"\" class=\"slider-508 slide-867 msDefaultImage\" title=\"peter_ma\u030alar\" \/><\/li>\n                <li style=\"display: none; width: 100%;\" class=\"slide-868 ms-image \" aria-roledescription=\"slide\" data-date=\"2025-09-18 11:55:28\" data-filename=\"stuga5-scaled-700x300.png\" data-slide-type=\"image\"><img loading=\"lazy\" decoding=\"async\" src=\"https:\/\/pgik.pgik.se\/wp-content\/uploads\/2025\/09\/stuga5-scaled-700x300.png\" height=\"300\" width=\"700\" alt=\"\" class=\"slider-508 slide-868 msDefaultImage\" title=\"stuga5\" \/><\/li>\n                <li style=\"display: none; width: 100%;\" class=\"slide-869 ms-image \" aria-roledescription=\"slide\" data-date=\"2025-09-18 11:55:41\" data-filename=\"stuga4_5-scaled-700x300.jpg\" data-slide-type=\"image\"><img loading=\"lazy\" decoding=\"async\" src=\"https:\/\/pgik.pgik.se\/wp-content\/uploads\/2025\/09\/stuga4_5-scaled-700x300.jpg\" height=\"300\" width=\"700\" alt=\"\" class=\"slider-508 slide-869 msDefaultImage\" title=\"stuga4_5\" \/><\/li>\n                <li style=\"display: none; width: 100%;\" class=\"slide-509 ms-image \" aria-roledescription=\"slide\" data-date=\"2025-01-02 23:33:58\" data-filename=\"stuga5_allrum-scaled-700x300.jpg\" data-slide-type=\"image\"><img loading=\"lazy\" decoding=\"async\" src=\"https:\/\/pgik.pgik.se\/wp-content\/uploads\/2024\/12\/stuga5_allrum-scaled-700x300.jpg\" height=\"300\" width=\"700\" alt=\"\" class=\"slider-508 slide-509 msDefaultImage\" title=\"stuga5_allrum\" \/><\/li>\n                <li style=\"display: none; width: 100%;\" class=\"slide-511 ms-image \" aria-roledescription=\"slide\" data-date=\"2025-01-02 23:33:59\" data-filename=\"stuga5_kok-scaled-700x300.jpg\" data-slide-type=\"image\"><img loading=\"lazy\" decoding=\"async\" src=\"https:\/\/pgik.pgik.se\/wp-content\/uploads\/2024\/12\/stuga5_kok-scaled-700x300.jpg\" height=\"300\" width=\"700\" alt=\"\" class=\"slider-508 slide-511 msDefaultImage\" title=\"stuga5_kok\" \/><\/li>\n                <li style=\"display: none; width: 100%;\" class=\"slide-512 ms-image \" aria-roledescription=\"slide\" data-date=\"2025-01-02 23:33:59\" data-filename=\"stuga5_sovrum-scaled-700x300.jpg\" data-slide-type=\"image\"><img loading=\"lazy\" decoding=\"async\" src=\"https:\/\/pgik.pgik.se\/wp-content\/uploads\/2024\/12\/stuga5_sovrum-scaled-700x300.jpg\" height=\"300\" width=\"700\" alt=\"\" class=\"slider-508 slide-512 msDefaultImage\" title=\"stuga5_sovrum\" \/><\/li>\n                <li style=\"display: none; width: 100%;\" class=\"slide-513 ms-image \" aria-roledescription=\"slide\" data-date=\"2025-01-02 23:33:59\" data-filename=\"stuga5_badrum-scaled-700x300.jpg\" data-slide-type=\"image\"><img loading=\"lazy\" decoding=\"async\" src=\"https:\/\/pgik.pgik.se\/wp-content\/uploads\/2024\/12\/stuga5_badrum-scaled-700x300.jpg\" height=\"300\" width=\"700\" alt=\"\" class=\"slider-508 slide-513 msDefaultImage\" title=\"stuga5_badrum\" \/><\/li>\n                <li style=\"display: none; width: 100%;\" class=\"slide-510 ms-image \" aria-roledescription=\"slide\" data-date=\"2025-01-02 23:33:58\" data-filename=\"stuga5_hall-scaled-700x300.jpg\" data-slide-type=\"image\"><img loading=\"lazy\" decoding=\"async\" src=\"https:\/\/pgik.pgik.se\/wp-content\/uploads\/2024\/12\/stuga5_hall-scaled-700x300.jpg\" height=\"300\" width=\"700\" alt=\"\" class=\"slider-508 slide-510 msDefaultImage\" title=\"stuga5_hall\" \/><\/li>\n            <\/ul>\n        <\/div>\n        \n    <\/div>\n<\/div><\/div>\n\n\n\n<figure class=\"wp-block-gallery has-nested-images columns-default is-cropped wp-block-gallery-1 is-layout-flex wp-block-gallery-is-layout-flex\">\n<figure data-wp-context=\"{&quot;imageId&quot;:&quot;69f1a37beed82&quot;}\" data-wp-interactive=\"core\/image\" data-wp-key=\"69f1a37beed82\" class=\"wp-block-image size-thumbnail wp-lightbox-container\"><img loading=\"lazy\" decoding=\"async\" width=\"150\" height=\"150\" data-wp-class--hide=\"state.isContentHidden\" data-wp-class--show=\"state.isContentVisible\" data-wp-init=\"callbacks.setButtonStyles\" data-wp-on--click=\"actions.showLightbox\" data-wp-on--load=\"callbacks.setButtonStyles\" data-wp-on-window--resize=\"callbacks.setButtonStyles\" data-id=\"121\" src=\"https:\/\/pgik.pgik.se\/wp-content\/uploads\/2024\/12\/stuga5-150x150.jpg\" alt=\"Bild p\u00e5 stuga 5\" class=\"wp-image-121\"\/><button\n\t\t\tclass=\"lightbox-trigger\"\n\t\t\ttype=\"button\"\n\t\t\taria-haspopup=\"dialog\"\n\t\t\taria-label=\"F\u00f6rstora\"\n\t\t\tdata-wp-init=\"callbacks.initTriggerButton\"\n\t\t\tdata-wp-on--click=\"actions.showLightbox\"\n\t\t\tdata-wp-style--right=\"state.imageButtonRight\"\n\t\t\tdata-wp-style--top=\"state.imageButtonTop\"\n\t\t>\n\t\t\t<svg xmlns=\"http:\/\/www.w3.org\/2000\/svg\" width=\"12\" height=\"12\" fill=\"none\" viewBox=\"0 0 12 12\">\n\t\t\t\t<path fill=\"#fff\" d=\"M2 0a2 2 0 0 0-2 2v2h1.5V2a.5.5 0 0 1 .5-.5h2V0H2Zm2 10.5H2a.5.5 0 0 1-.5-.5V8H0v2a2 2 0 0 0 2 2h2v-1.5ZM8 12v-1.5h2a.5.5 0 0 0 .5-.5V8H12v2a2 2 0 0 1-2 2H8Zm2-12a2 2 0 0 1 2 2v2h-1.5V2a.5.5 0 0 0-.5-.5H8V0h2Z\" \/>\n\t\t\t<\/svg>\n\t\t<\/button><\/figure>\n\n\n\n<figure data-wp-context=\"{&quot;imageId&quot;:&quot;69f1a37bef378&quot;}\" data-wp-interactive=\"core\/image\" data-wp-key=\"69f1a37bef378\" class=\"wp-block-image size-thumbnail wp-lightbox-container\"><img loading=\"lazy\" decoding=\"async\" width=\"150\" height=\"150\" data-wp-class--hide=\"state.isContentHidden\" data-wp-class--show=\"state.isContentVisible\" data-wp-init=\"callbacks.setButtonStyles\" data-wp-on--click=\"actions.showLightbox\" data-wp-on--load=\"callbacks.setButtonStyles\" data-wp-on-window--resize=\"callbacks.setButtonStyles\" data-id=\"844\" src=\"https:\/\/pgik.pgik.se\/wp-content\/uploads\/2025\/09\/peter_malar-150x150.jpg\" alt=\"\" class=\"wp-image-844\"\/><button\n\t\t\tclass=\"lightbox-trigger\"\n\t\t\ttype=\"button\"\n\t\t\taria-haspopup=\"dialog\"\n\t\t\taria-label=\"F\u00f6rstora\"\n\t\t\tdata-wp-init=\"callbacks.initTriggerButton\"\n\t\t\tdata-wp-on--click=\"actions.showLightbox\"\n\t\t\tdata-wp-style--right=\"state.imageButtonRight\"\n\t\t\tdata-wp-style--top=\"state.imageButtonTop\"\n\t\t>\n\t\t\t<svg xmlns=\"http:\/\/www.w3.org\/2000\/svg\" width=\"12\" height=\"12\" fill=\"none\" viewBox=\"0 0 12 12\">\n\t\t\t\t<path fill=\"#fff\" d=\"M2 0a2 2 0 0 0-2 2v2h1.5V2a.5.5 0 0 1 .5-.5h2V0H2Zm2 10.5H2a.5.5 0 0 1-.5-.5V8H0v2a2 2 0 0 0 2 2h2v-1.5ZM8 12v-1.5h2a.5.5 0 0 0 .5-.5V8H12v2a2 2 0 0 1-2 2H8Zm2-12a2 2 0 0 1 2 2v2h-1.5V2a.5.5 0 0 0-.5-.5H8V0h2Z\" \/>\n\t\t\t<\/svg>\n\t\t<\/button><\/figure>\n\n\n\n<figure data-wp-context=\"{&quot;imageId&quot;:&quot;69f1a37bef89a&quot;}\" data-wp-interactive=\"core\/image\" data-wp-key=\"69f1a37bef89a\" class=\"wp-block-image size-thumbnail wp-lightbox-container\"><img loading=\"lazy\" decoding=\"async\" width=\"150\" height=\"150\" data-wp-class--hide=\"state.isContentHidden\" data-wp-class--show=\"state.isContentVisible\" data-wp-init=\"callbacks.setButtonStyles\" data-wp-on--click=\"actions.showLightbox\" data-wp-on--load=\"callbacks.setButtonStyles\" data-wp-on-window--resize=\"callbacks.setButtonStyles\" data-id=\"864\" src=\"https:\/\/pgik.pgik.se\/wp-content\/uploads\/2025\/09\/stuga5-150x150.png\" alt=\"\" class=\"wp-image-864\"\/><button\n\t\t\tclass=\"lightbox-trigger\"\n\t\t\ttype=\"button\"\n\t\t\taria-haspopup=\"dialog\"\n\t\t\taria-label=\"F\u00f6rstora\"\n\t\t\tdata-wp-init=\"callbacks.initTriggerButton\"\n\t\t\tdata-wp-on--click=\"actions.showLightbox\"\n\t\t\tdata-wp-style--right=\"state.imageButtonRight\"\n\t\t\tdata-wp-style--top=\"state.imageButtonTop\"\n\t\t>\n\t\t\t<svg xmlns=\"http:\/\/www.w3.org\/2000\/svg\" width=\"12\" height=\"12\" fill=\"none\" viewBox=\"0 0 12 12\">\n\t\t\t\t<path fill=\"#fff\" d=\"M2 0a2 2 0 0 0-2 2v2h1.5V2a.5.5 0 0 1 .5-.5h2V0H2Zm2 10.5H2a.5.5 0 0 1-.5-.5V8H0v2a2 2 0 0 0 2 2h2v-1.5ZM8 12v-1.5h2a.5.5 0 0 0 .5-.5V8H12v2a2 2 0 0 1-2 2H8Zm2-12a2 2 0 0 1 2 2v2h-1.5V2a.5.5 0 0 0-.5-.5H8V0h2Z\" \/>\n\t\t\t<\/svg>\n\t\t<\/button><\/figure>\n\n\n\n<figure data-wp-context=\"{&quot;imageId&quot;:&quot;69f1a37befdf1&quot;}\" data-wp-interactive=\"core\/image\" data-wp-key=\"69f1a37befdf1\" class=\"wp-block-image size-thumbnail wp-lightbox-container\"><img loading=\"lazy\" decoding=\"async\" width=\"150\" height=\"150\" data-wp-class--hide=\"state.isContentHidden\" data-wp-class--show=\"state.isContentVisible\" data-wp-init=\"callbacks.setButtonStyles\" data-wp-on--click=\"actions.showLightbox\" data-wp-on--load=\"callbacks.setButtonStyles\" data-wp-on-window--resize=\"callbacks.setButtonStyles\" data-id=\"843\" src=\"https:\/\/pgik.pgik.se\/wp-content\/uploads\/2025\/09\/stuga4_5-150x150.jpg\" alt=\"\" class=\"wp-image-843\"\/><button\n\t\t\tclass=\"lightbox-trigger\"\n\t\t\ttype=\"button\"\n\t\t\taria-haspopup=\"dialog\"\n\t\t\taria-label=\"F\u00f6rstora\"\n\t\t\tdata-wp-init=\"callbacks.initTriggerButton\"\n\t\t\tdata-wp-on--click=\"actions.showLightbox\"\n\t\t\tdata-wp-style--right=\"state.imageButtonRight\"\n\t\t\tdata-wp-style--top=\"state.imageButtonTop\"\n\t\t>\n\t\t\t<svg xmlns=\"http:\/\/www.w3.org\/2000\/svg\" width=\"12\" height=\"12\" fill=\"none\" viewBox=\"0 0 12 12\">\n\t\t\t\t<path fill=\"#fff\" d=\"M2 0a2 2 0 0 0-2 2v2h1.5V2a.5.5 0 0 1 .5-.5h2V0H2Zm2 10.5H2a.5.5 0 0 1-.5-.5V8H0v2a2 2 0 0 0 2 2h2v-1.5ZM8 12v-1.5h2a.5.5 0 0 0 .5-.5V8H12v2a2 2 0 0 1-2 2H8Zm2-12a2 2 0 0 1 2 2v2h-1.5V2a.5.5 0 0 0-.5-.5H8V0h2Z\" \/>\n\t\t\t<\/svg>\n\t\t<\/button><\/figure>\n\n\n\n<figure data-wp-context=\"{&quot;imageId&quot;:&quot;69f1a37bf0331&quot;}\" data-wp-interactive=\"core\/image\" data-wp-key=\"69f1a37bf0331\" class=\"wp-block-image size-thumbnail wp-lightbox-container\"><img loading=\"lazy\" decoding=\"async\" width=\"150\" height=\"150\" data-wp-class--hide=\"state.isContentHidden\" data-wp-class--show=\"state.isContentVisible\" data-wp-init=\"callbacks.setButtonStyles\" data-wp-on--click=\"actions.showLightbox\" data-wp-on--load=\"callbacks.setButtonStyles\" data-wp-on-window--resize=\"callbacks.setButtonStyles\" data-id=\"235\" src=\"https:\/\/pgik.pgik.se\/wp-content\/uploads\/2024\/12\/stuga5_kok-150x150.jpg\" alt=\"\" class=\"wp-image-235\"\/><button\n\t\t\tclass=\"lightbox-trigger\"\n\t\t\ttype=\"button\"\n\t\t\taria-haspopup=\"dialog\"\n\t\t\taria-label=\"F\u00f6rstora\"\n\t\t\tdata-wp-init=\"callbacks.initTriggerButton\"\n\t\t\tdata-wp-on--click=\"actions.showLightbox\"\n\t\t\tdata-wp-style--right=\"state.imageButtonRight\"\n\t\t\tdata-wp-style--top=\"state.imageButtonTop\"\n\t\t>\n\t\t\t<svg xmlns=\"http:\/\/www.w3.org\/2000\/svg\" width=\"12\" height=\"12\" fill=\"none\" viewBox=\"0 0 12 12\">\n\t\t\t\t<path fill=\"#fff\" d=\"M2 0a2 2 0 0 0-2 2v2h1.5V2a.5.5 0 0 1 .5-.5h2V0H2Zm2 10.5H2a.5.5 0 0 1-.5-.5V8H0v2a2 2 0 0 0 2 2h2v-1.5ZM8 12v-1.5h2a.5.5 0 0 0 .5-.5V8H12v2a2 2 0 0 1-2 2H8Zm2-12a2 2 0 0 1 2 2v2h-1.5V2a.5.5 0 0 0-.5-.5H8V0h2Z\" \/>\n\t\t\t<\/svg>\n\t\t<\/button><\/figure>\n\n\n\n<figure data-wp-context=\"{&quot;imageId&quot;:&quot;69f1a37bf0833&quot;}\" data-wp-interactive=\"core\/image\" data-wp-key=\"69f1a37bf0833\" class=\"wp-block-image size-thumbnail wp-lightbox-container\"><img loading=\"lazy\" decoding=\"async\" width=\"150\" height=\"150\" data-wp-class--hide=\"state.isContentHidden\" data-wp-class--show=\"state.isContentVisible\" data-wp-init=\"callbacks.setButtonStyles\" data-wp-on--click=\"actions.showLightbox\" data-wp-on--load=\"callbacks.setButtonStyles\" data-wp-on-window--resize=\"callbacks.setButtonStyles\" data-id=\"233\" src=\"https:\/\/pgik.pgik.se\/wp-content\/uploads\/2024\/12\/stuga5_badrum-150x150.jpg\" alt=\"\" class=\"wp-image-233\"\/><button\n\t\t\tclass=\"lightbox-trigger\"\n\t\t\ttype=\"button\"\n\t\t\taria-haspopup=\"dialog\"\n\t\t\taria-label=\"F\u00f6rstora\"\n\t\t\tdata-wp-init=\"callbacks.initTriggerButton\"\n\t\t\tdata-wp-on--click=\"actions.showLightbox\"\n\t\t\tdata-wp-style--right=\"state.imageButtonRight\"\n\t\t\tdata-wp-style--top=\"state.imageButtonTop\"\n\t\t>\n\t\t\t<svg xmlns=\"http:\/\/www.w3.org\/2000\/svg\" width=\"12\" height=\"12\" fill=\"none\" viewBox=\"0 0 12 12\">\n\t\t\t\t<path fill=\"#fff\" d=\"M2 0a2 2 0 0 0-2 2v2h1.5V2a.5.5 0 0 1 .5-.5h2V0H2Zm2 10.5H2a.5.5 0 0 1-.5-.5V8H0v2a2 2 0 0 0 2 2h2v-1.5ZM8 12v-1.5h2a.5.5 0 0 0 .5-.5V8H12v2a2 2 0 0 1-2 2H8Zm2-12a2 2 0 0 1 2 2v2h-1.5V2a.5.5 0 0 0-.5-.5H8V0h2Z\" \/>\n\t\t\t<\/svg>\n\t\t<\/button><\/figure>\n\n\n\n<figure data-wp-context=\"{&quot;imageId&quot;:&quot;69f1a37bf0d4f&quot;}\" data-wp-interactive=\"core\/image\" data-wp-key=\"69f1a37bf0d4f\" class=\"wp-block-image size-thumbnail wp-lightbox-container\"><img loading=\"lazy\" decoding=\"async\" width=\"150\" height=\"150\" data-wp-class--hide=\"state.isContentHidden\" data-wp-class--show=\"state.isContentVisible\" data-wp-init=\"callbacks.setButtonStyles\" data-wp-on--click=\"actions.showLightbox\" data-wp-on--load=\"callbacks.setButtonStyles\" data-wp-on-window--resize=\"callbacks.setButtonStyles\" data-id=\"237\" src=\"https:\/\/pgik.pgik.se\/wp-content\/uploads\/2024\/12\/stuga5_allrum-150x150.jpg\" alt=\"\" class=\"wp-image-237\"\/><button\n\t\t\tclass=\"lightbox-trigger\"\n\t\t\ttype=\"button\"\n\t\t\taria-haspopup=\"dialog\"\n\t\t\taria-label=\"F\u00f6rstora\"\n\t\t\tdata-wp-init=\"callbacks.initTriggerButton\"\n\t\t\tdata-wp-on--click=\"actions.showLightbox\"\n\t\t\tdata-wp-style--right=\"state.imageButtonRight\"\n\t\t\tdata-wp-style--top=\"state.imageButtonTop\"\n\t\t>\n\t\t\t<svg xmlns=\"http:\/\/www.w3.org\/2000\/svg\" width=\"12\" height=\"12\" fill=\"none\" viewBox=\"0 0 12 12\">\n\t\t\t\t<path fill=\"#fff\" d=\"M2 0a2 2 0 0 0-2 2v2h1.5V2a.5.5 0 0 1 .5-.5h2V0H2Zm2 10.5H2a.5.5 0 0 1-.5-.5V8H0v2a2 2 0 0 0 2 2h2v-1.5ZM8 12v-1.5h2a.5.5 0 0 0 .5-.5V8H12v2a2 2 0 0 1-2 2H8Zm2-12a2 2 0 0 1 2 2v2h-1.5V2a.5.5 0 0 0-.5-.5H8V0h2Z\" \/>\n\t\t\t<\/svg>\n\t\t<\/button><\/figure>\n\n\n\n<figure data-wp-context=\"{&quot;imageId&quot;:&quot;69f1a37bf1281&quot;}\" data-wp-interactive=\"core\/image\" data-wp-key=\"69f1a37bf1281\" class=\"wp-block-image size-thumbnail wp-lightbox-container\"><img loading=\"lazy\" decoding=\"async\" width=\"150\" height=\"150\" data-wp-class--hide=\"state.isContentHidden\" data-wp-class--show=\"state.isContentVisible\" data-wp-init=\"callbacks.setButtonStyles\" data-wp-on--click=\"actions.showLightbox\" data-wp-on--load=\"callbacks.setButtonStyles\" data-wp-on-window--resize=\"callbacks.setButtonStyles\" data-id=\"236\" src=\"https:\/\/pgik.pgik.se\/wp-content\/uploads\/2024\/12\/stuga5_sovrum-150x150.jpg\" alt=\"\" class=\"wp-image-236\"\/><button\n\t\t\tclass=\"lightbox-trigger\"\n\t\t\ttype=\"button\"\n\t\t\taria-haspopup=\"dialog\"\n\t\t\taria-label=\"F\u00f6rstora\"\n\t\t\tdata-wp-init=\"callbacks.initTriggerButton\"\n\t\t\tdata-wp-on--click=\"actions.showLightbox\"\n\t\t\tdata-wp-style--right=\"state.imageButtonRight\"\n\t\t\tdata-wp-style--top=\"state.imageButtonTop\"\n\t\t>\n\t\t\t<svg xmlns=\"http:\/\/www.w3.org\/2000\/svg\" width=\"12\" height=\"12\" fill=\"none\" viewBox=\"0 0 12 12\">\n\t\t\t\t<path fill=\"#fff\" d=\"M2 0a2 2 0 0 0-2 2v2h1.5V2a.5.5 0 0 1 .5-.5h2V0H2Zm2 10.5H2a.5.5 0 0 1-.5-.5V8H0v2a2 2 0 0 0 2 2h2v-1.5ZM8 12v-1.5h2a.5.5 0 0 0 .5-.5V8H12v2a2 2 0 0 1-2 2H8Zm2-12a2 2 0 0 1 2 2v2h-1.5V2a.5.5 0 0 0-.5-.5H8V0h2Z\" \/>\n\t\t\t<\/svg>\n\t\t<\/button><\/figure>\n\n\n\n<figure data-wp-context=\"{&quot;imageId&quot;:&quot;69f1a37bf177e&quot;}\" data-wp-interactive=\"core\/image\" data-wp-key=\"69f1a37bf177e\" class=\"wp-block-image size-thumbnail wp-lightbox-container\"><img loading=\"lazy\" decoding=\"async\" width=\"150\" height=\"150\" data-wp-class--hide=\"state.isContentHidden\" data-wp-class--show=\"state.isContentVisible\" data-wp-init=\"callbacks.setButtonStyles\" data-wp-on--click=\"actions.showLightbox\" data-wp-on--load=\"callbacks.setButtonStyles\" data-wp-on-window--resize=\"callbacks.setButtonStyles\" data-id=\"234\" src=\"https:\/\/pgik.pgik.se\/wp-content\/uploads\/2024\/12\/stuga5_hall-150x150.jpg\" alt=\"\" class=\"wp-image-234\"\/><button\n\t\t\tclass=\"lightbox-trigger\"\n\t\t\ttype=\"button\"\n\t\t\taria-haspopup=\"dialog\"\n\t\t\taria-label=\"F\u00f6rstora\"\n\t\t\tdata-wp-init=\"callbacks.initTriggerButton\"\n\t\t\tdata-wp-on--click=\"actions.showLightbox\"\n\t\t\tdata-wp-style--right=\"state.imageButtonRight\"\n\t\t\tdata-wp-style--top=\"state.imageButtonTop\"\n\t\t>\n\t\t\t<svg xmlns=\"http:\/\/www.w3.org\/2000\/svg\" width=\"12\" height=\"12\" fill=\"none\" viewBox=\"0 0 12 12\">\n\t\t\t\t<path fill=\"#fff\" d=\"M2 0a2 2 0 0 0-2 2v2h1.5V2a.5.5 0 0 1 .5-.5h2V0H2Zm2 10.5H2a.5.5 0 0 1-.5-.5V8H0v2a2 2 0 0 0 2 2h2v-1.5ZM8 12v-1.5h2a.5.5 0 0 0 .5-.5V8H12v2a2 2 0 0 1-2 2H8Zm2-12a2 2 0 0 1 2 2v2h-1.5V2a.5.5 0 0 0-.5-.5H8V0h2Z\" \/>\n\t\t\t<\/svg>\n\t\t<\/button><\/figure>\n<\/figure>\n\n\n\n<hr class=\"wp-block-separator has-alpha-channel-opacity\"\/>\n\n\n\n<p><a href=\"https:\/\/pgik.pgik.se\/index.php\/buskvallen-2\/\" data-type=\"page\" data-id=\"46\">Tillbaka till sidan f\u00f6r Buskvallen<\/a><\/p>\n\n\n\n<p><\/p>\n","protected":false},"excerpt":{"rendered":"<p>L\u00e4genhet 5 L\u00e4genhet 5 delar stuga med l\u00e4genhet 4 med &hellip; <\/p>\n","protected":false},"author":1,"featured_media":1006,"parent":0,"menu_order":0,"comment_status":"closed","ping_status":"closed","template":"","meta":{"footnotes":""},"class_list":["post-232","page","type-page","status-publish","has-post-thumbnail","hentry"],"_links":{"self":[{"href":"https:\/\/pgik.pgik.se\/index.php\/wp-json\/wp\/v2\/pages\/232","targetHints":{"allow":["GET"]}}],"collection":[{"href":"https:\/\/pgik.pgik.se\/index.php\/wp-json\/wp\/v2\/pages"}],"about":[{"href":"https:\/\/pgik.pgik.se\/index.php\/wp-json\/wp\/v2\/types\/page"}],"author":[{"embeddable":true,"href":"https:\/\/pgik.pgik.se\/index.php\/wp-json\/wp\/v2\/users\/1"}],"replies":[{"embeddable":true,"href":"https:\/\/pgik.pgik.se\/index.php\/wp-json\/wp\/v2\/comments?post=232"}],"version-history":[{"count":11,"href":"https:\/\/pgik.pgik.se\/index.php\/wp-json\/wp\/v2\/pages\/232\/revisions"}],"predecessor-version":[{"id":866,"href":"https:\/\/pgik.pgik.se\/index.php\/wp-json\/wp\/v2\/pages\/232\/revisions\/866"}],"wp:featuredmedia":[{"embeddable":true,"href":"https:\/\/pgik.pgik.se\/index.php\/wp-json\/wp\/v2\/media\/1006"}],"wp:attachment":[{"href":"https:\/\/pgik.pgik.se\/index.php\/wp-json\/wp\/v2\/media?parent=232"}],"curies":[{"name":"wp","href":"https:\/\/api.w.org\/{rel}","templated":true}]}}