{"id":342,"date":"2024-12-31T01:05:35","date_gmt":"2024-12-31T00:05:35","guid":{"rendered":"https:\/\/pgik.pgik.se\/?page_id=342"},"modified":"2025-01-29T22:14:15","modified_gmt":"2025-01-29T21:14:15","slug":"brasserie-astoria","status":"publish","type":"page","link":"https:\/\/pgik.pgik.se\/index.php\/brasserie-astoria\/","title":{"rendered":"Ciao Ciao Grande"},"content":{"rendered":"\n<h2 class=\"wp-block-heading\">Ciao Ciao Grande<\/h2>\n\n\n\n<p>V\u00e4lkomna till middag med PGIK p\u00e5 Ciao Ciao Grande, Storgatan 11 tisdagen 26 november kl 17 -20.<\/p>\n\n\n\n<p>Se <a href=\"#bilder\">bilder fr\u00e5n kv\u00e4llen<\/a> l\u00e4ngre ner p\u00e5 sidan.<\/p>\n\n\n\n<figure class=\"wp-block-image size-full\"><img loading=\"lazy\" decoding=\"async\" width=\"1920\" height=\"1080\" src=\"https:\/\/pgik.pgik.se\/wp-content\/uploads\/2025\/01\/ciao-ciao-grande.jpg\" alt=\"\" class=\"wp-image-702\" srcset=\"https:\/\/pgik.pgik.se\/wp-content\/uploads\/2025\/01\/ciao-ciao-grande.jpg 1920w, https:\/\/pgik.pgik.se\/wp-content\/uploads\/2025\/01\/ciao-ciao-grande-300x169.jpg 300w, https:\/\/pgik.pgik.se\/wp-content\/uploads\/2025\/01\/ciao-ciao-grande-1024x576.jpg 1024w, https:\/\/pgik.pgik.se\/wp-content\/uploads\/2025\/01\/ciao-ciao-grande-768x432.jpg 768w, https:\/\/pgik.pgik.se\/wp-content\/uploads\/2025\/01\/ciao-ciao-grande-1536x864.jpg 1536w\" sizes=\"auto, (max-width: 1920px) 100vw, 1920px\" \/><\/figure>\n\n\n\n<p>De allra flesta av oss \u00e4ter ett eller flera julbord varje \u00e5r s\u00e5 i \u00e5r har vi best\u00e4mt att<br>\u00e4ta \u00e1 la carte p\u00e5 Ciao Ciao Grande. De har en enskild avdelning i<br>gatuplan, \u201dLilla a\u201d, d\u00e4r det ryms 50 personer. Vi f\u00e5r v\u00e4lja mellan tre varmr\u00e4tter<br>och tv\u00e5 desserter. Det ing\u00e5r ett glas prosecco och en \u00f6l eller ett glas vin och<br>resterande dricka betalar vi sj\u00e4lva.<\/p>\n\n\n\n<p>V\u00e4lj en varmr\u00e4tt och en dessert av f\u00f6ljande.<br>Varmr\u00e4tter: Grillad R\u00f6dtunga &#8221;Grenobloise&#8221;<br>Grillad kalv minute<br>Italiensk vintersallad p\u00e5 vinb\u00e4rsglaserade r\u00f6dbetor&nbsp;(vegetarisk)<br>Desserter: Cr\u00e8me brule\u00e9, bl\u00e5b\u00e4r och citrontimjan&nbsp;<br>Sorbet p\u00e5 Charentaismelon fr\u00e5n Philibon<\/p>\n\n\n\n<p>Ev allergier m\u00e5ste meddelas tillsammans med anm\u00e4lan, tack.<br>Svara senast 8:e november p\u00e5 detta mail men betala inte in f\u00f6rr\u00e4n du f\u00e5tt<br>svar att du f\u00e5tt en plats. Om du ej f\u00e5tt plats och betalat s\u00e5 betalas beloppet inte tillbaka och det g\u00e4ller \u00e4ven om du f\u00e5r f\u00f6rhinder.<\/p>\n\n\n\n<p>Datum: tisdag 26 november kl 17.00-20.00.<br>Var: Ciao Ciao Grande, Storgatan 11.<\/p>\n\n\n\n<p>Betalning: Senast 15 november, 250 kr s\u00e4tts in p\u00e5 pg 2130848-1.<\/p>\n\n\n\n<p>Vi ser fram mot en trevlig middag<br>Ingalill 0730 200150 Eva 0706 690906<\/p>\n\n\n\n<h2 class=\"wp-block-heading\" id=\"bilder\">Bilder fr\u00e5n kv\u00e4llen<\/h2>\n\n\n\n<figure class=\"wp-block-gallery has-nested-images columns-default is-cropped wp-block-gallery-1 is-layout-flex wp-block-gallery-is-layout-flex\">\n<figure data-wp-context=\"{&quot;imageId&quot;:&quot;69f1af8c393bb&quot;}\" data-wp-interactive=\"core\/image\" data-wp-key=\"69f1af8c393bb\" class=\"wp-block-image size-full wp-lightbox-container\"><img loading=\"lazy\" decoding=\"async\" width=\"2560\" height=\"1920\" data-wp-class--hide=\"state.isContentHidden\" data-wp-class--show=\"state.isContentVisible\" data-wp-init=\"callbacks.setButtonStyles\" data-wp-on--click=\"actions.showLightbox\" data-wp-on--load=\"callbacks.setButtonStyles\" data-wp-on-window--resize=\"callbacks.setButtonStyles\" data-id=\"469\" src=\"https:\/\/pgik.pgik.se\/wp-content\/uploads\/2025\/01\/astoria1.jpg\" alt=\"\" class=\"wp-image-469\" srcset=\"https:\/\/pgik.pgik.se\/wp-content\/uploads\/2025\/01\/astoria1.jpg 2560w, https:\/\/pgik.pgik.se\/wp-content\/uploads\/2025\/01\/astoria1-300x225.jpg 300w, https:\/\/pgik.pgik.se\/wp-content\/uploads\/2025\/01\/astoria1-1024x768.jpg 1024w, https:\/\/pgik.pgik.se\/wp-content\/uploads\/2025\/01\/astoria1-768x576.jpg 768w, https:\/\/pgik.pgik.se\/wp-content\/uploads\/2025\/01\/astoria1-1536x1152.jpg 1536w, https:\/\/pgik.pgik.se\/wp-content\/uploads\/2025\/01\/astoria1-2048x1536.jpg 2048w, https:\/\/pgik.pgik.se\/wp-content\/uploads\/2025\/01\/astoria1-640x480.jpg 640w, https:\/\/pgik.pgik.se\/wp-content\/uploads\/2025\/01\/astoria1-110x83.jpg 110w\" sizes=\"auto, (max-width: 2560px) 100vw, 2560px\" \/><button\n\t\t\tclass=\"lightbox-trigger\"\n\t\t\ttype=\"button\"\n\t\t\taria-haspopup=\"dialog\"\n\t\t\taria-label=\"F\u00f6rstora\"\n\t\t\tdata-wp-init=\"callbacks.initTriggerButton\"\n\t\t\tdata-wp-on--click=\"actions.showLightbox\"\n\t\t\tdata-wp-style--right=\"state.imageButtonRight\"\n\t\t\tdata-wp-style--top=\"state.imageButtonTop\"\n\t\t>\n\t\t\t<svg xmlns=\"http:\/\/www.w3.org\/2000\/svg\" width=\"12\" height=\"12\" fill=\"none\" viewBox=\"0 0 12 12\">\n\t\t\t\t<path fill=\"#fff\" d=\"M2 0a2 2 0 0 0-2 2v2h1.5V2a.5.5 0 0 1 .5-.5h2V0H2Zm2 10.5H2a.5.5 0 0 1-.5-.5V8H0v2a2 2 0 0 0 2 2h2v-1.5ZM8 12v-1.5h2a.5.5 0 0 0 .5-.5V8H12v2a2 2 0 0 1-2 2H8Zm2-12a2 2 0 0 1 2 2v2h-1.5V2a.5.5 0 0 0-.5-.5H8V0h2Z\" \/>\n\t\t\t<\/svg>\n\t\t<\/button><\/figure>\n\n\n\n<figure data-wp-context=\"{&quot;imageId&quot;:&quot;69f1af8c39c4b&quot;}\" data-wp-interactive=\"core\/image\" data-wp-key=\"69f1af8c39c4b\" class=\"wp-block-image size-full wp-lightbox-container\"><img loading=\"lazy\" decoding=\"async\" width=\"1920\" height=\"2560\" data-wp-class--hide=\"state.isContentHidden\" data-wp-class--show=\"state.isContentVisible\" data-wp-init=\"callbacks.setButtonStyles\" data-wp-on--click=\"actions.showLightbox\" data-wp-on--load=\"callbacks.setButtonStyles\" data-wp-on-window--resize=\"callbacks.setButtonStyles\" data-id=\"468\" src=\"https:\/\/pgik.pgik.se\/wp-content\/uploads\/2025\/01\/astoria2.jpg\" alt=\"\" class=\"wp-image-468\" srcset=\"https:\/\/pgik.pgik.se\/wp-content\/uploads\/2025\/01\/astoria2.jpg 1920w, https:\/\/pgik.pgik.se\/wp-content\/uploads\/2025\/01\/astoria2-225x300.jpg 225w, https:\/\/pgik.pgik.se\/wp-content\/uploads\/2025\/01\/astoria2-768x1024.jpg 768w, https:\/\/pgik.pgik.se\/wp-content\/uploads\/2025\/01\/astoria2-1152x1536.jpg 1152w, https:\/\/pgik.pgik.se\/wp-content\/uploads\/2025\/01\/astoria2-1536x2048.jpg 1536w\" sizes=\"auto, (max-width: 1920px) 100vw, 1920px\" \/><button\n\t\t\tclass=\"lightbox-trigger\"\n\t\t\ttype=\"button\"\n\t\t\taria-haspopup=\"dialog\"\n\t\t\taria-label=\"F\u00f6rstora\"\n\t\t\tdata-wp-init=\"callbacks.initTriggerButton\"\n\t\t\tdata-wp-on--click=\"actions.showLightbox\"\n\t\t\tdata-wp-style--right=\"state.imageButtonRight\"\n\t\t\tdata-wp-style--top=\"state.imageButtonTop\"\n\t\t>\n\t\t\t<svg xmlns=\"http:\/\/www.w3.org\/2000\/svg\" width=\"12\" height=\"12\" fill=\"none\" viewBox=\"0 0 12 12\">\n\t\t\t\t<path fill=\"#fff\" d=\"M2 0a2 2 0 0 0-2 2v2h1.5V2a.5.5 0 0 1 .5-.5h2V0H2Zm2 10.5H2a.5.5 0 0 1-.5-.5V8H0v2a2 2 0 0 0 2 2h2v-1.5ZM8 12v-1.5h2a.5.5 0 0 0 .5-.5V8H12v2a2 2 0 0 1-2 2H8Zm2-12a2 2 0 0 1 2 2v2h-1.5V2a.5.5 0 0 0-.5-.5H8V0h2Z\" \/>\n\t\t\t<\/svg>\n\t\t<\/button><\/figure>\n\n\n\n<figure data-wp-context=\"{&quot;imageId&quot;:&quot;69f1af8c3a303&quot;}\" data-wp-interactive=\"core\/image\" data-wp-key=\"69f1af8c3a303\" class=\"wp-block-image size-full wp-lightbox-container\"><img loading=\"lazy\" decoding=\"async\" width=\"1920\" height=\"2560\" data-wp-class--hide=\"state.isContentHidden\" data-wp-class--show=\"state.isContentVisible\" data-wp-init=\"callbacks.setButtonStyles\" data-wp-on--click=\"actions.showLightbox\" data-wp-on--load=\"callbacks.setButtonStyles\" data-wp-on-window--resize=\"callbacks.setButtonStyles\" data-id=\"470\" src=\"https:\/\/pgik.pgik.se\/wp-content\/uploads\/2025\/01\/astoria3.jpg\" alt=\"\" class=\"wp-image-470\" srcset=\"https:\/\/pgik.pgik.se\/wp-content\/uploads\/2025\/01\/astoria3.jpg 1920w, https:\/\/pgik.pgik.se\/wp-content\/uploads\/2025\/01\/astoria3-225x300.jpg 225w, https:\/\/pgik.pgik.se\/wp-content\/uploads\/2025\/01\/astoria3-768x1024.jpg 768w, https:\/\/pgik.pgik.se\/wp-content\/uploads\/2025\/01\/astoria3-1152x1536.jpg 1152w, https:\/\/pgik.pgik.se\/wp-content\/uploads\/2025\/01\/astoria3-1536x2048.jpg 1536w\" sizes=\"auto, (max-width: 1920px) 100vw, 1920px\" \/><button\n\t\t\tclass=\"lightbox-trigger\"\n\t\t\ttype=\"button\"\n\t\t\taria-haspopup=\"dialog\"\n\t\t\taria-label=\"F\u00f6rstora\"\n\t\t\tdata-wp-init=\"callbacks.initTriggerButton\"\n\t\t\tdata-wp-on--click=\"actions.showLightbox\"\n\t\t\tdata-wp-style--right=\"state.imageButtonRight\"\n\t\t\tdata-wp-style--top=\"state.imageButtonTop\"\n\t\t>\n\t\t\t<svg xmlns=\"http:\/\/www.w3.org\/2000\/svg\" width=\"12\" height=\"12\" fill=\"none\" viewBox=\"0 0 12 12\">\n\t\t\t\t<path fill=\"#fff\" d=\"M2 0a2 2 0 0 0-2 2v2h1.5V2a.5.5 0 0 1 .5-.5h2V0H2Zm2 10.5H2a.5.5 0 0 1-.5-.5V8H0v2a2 2 0 0 0 2 2h2v-1.5ZM8 12v-1.5h2a.5.5 0 0 0 .5-.5V8H12v2a2 2 0 0 1-2 2H8Zm2-12a2 2 0 0 1 2 2v2h-1.5V2a.5.5 0 0 0-.5-.5H8V0h2Z\" \/>\n\t\t\t<\/svg>\n\t\t<\/button><\/figure>\n<\/figure>\n","protected":false},"excerpt":{"rendered":"<p>Ciao Ciao Grande V\u00e4lkomna till middag med PGIK p\u00e5 Ciao &hellip; <\/p>\n","protected":false},"author":1,"featured_media":702,"parent":0,"menu_order":0,"comment_status":"closed","ping_status":"closed","template":"","meta":{"footnotes":""},"class_list":["post-342","page","type-page","status-publish","has-post-thumbnail","hentry"],"_links":{"self":[{"href":"https:\/\/pgik.pgik.se\/index.php\/wp-json\/wp\/v2\/pages\/342","targetHints":{"allow":["GET"]}}],"collection":[{"href":"https:\/\/pgik.pgik.se\/index.php\/wp-json\/wp\/v2\/pages"}],"about":[{"href":"https:\/\/pgik.pgik.se\/index.php\/wp-json\/wp\/v2\/types\/page"}],"author":[{"embeddable":true,"href":"https:\/\/pgik.pgik.se\/index.php\/wp-json\/wp\/v2\/users\/1"}],"replies":[{"embeddable":true,"href":"https:\/\/pgik.pgik.se\/index.php\/wp-json\/wp\/v2\/comments?post=342"}],"version-history":[{"count":8,"href":"https:\/\/pgik.pgik.se\/index.php\/wp-json\/wp\/v2\/pages\/342\/revisions"}],"predecessor-version":[{"id":706,"href":"https:\/\/pgik.pgik.se\/index.php\/wp-json\/wp\/v2\/pages\/342\/revisions\/706"}],"wp:featuredmedia":[{"embeddable":true,"href":"https:\/\/pgik.pgik.se\/index.php\/wp-json\/wp\/v2\/media\/702"}],"wp:attachment":[{"href":"https:\/\/pgik.pgik.se\/index.php\/wp-json\/wp\/v2\/media?parent=342"}],"curies":[{"name":"wp","href":"https:\/\/api.w.org\/{rel}","templated":true}]}}