{"id":372,"date":"2024-12-31T01:31:34","date_gmt":"2024-12-31T00:31:34","guid":{"rendered":"https:\/\/pgik.pgik.se\/?page_id=372"},"modified":"2024-12-31T01:33:38","modified_gmt":"2024-12-31T00:33:38","slug":"bishop-arms","status":"publish","type":"page","link":"https:\/\/pgik.pgik.se\/index.php\/bishop-arms\/","title":{"rendered":"Bishop arms"},"content":{"rendered":"\n<p>Hej alla PGIK:are!<\/p>\n\n\n\n<p>Vi fick k\u00e4nslan p\u00e5 julmiddagen att flera vill ses \u00e4nnu en g\u00e5ng f\u00f6re jul.<\/p>\n\n\n\n<p>S\u00e5 om ni k\u00e4nner f\u00f6r det och har tid ses&nbsp;vi p\u00e5 puben<\/p>\n\n\n\n<p>Bishops Arms, Tyska Brinken 36 i Gamla Stan, torsdagen den 5 december kl 17.00.<\/p>\n\n\n\n<figure class=\"wp-block-image size-full\"><img loading=\"lazy\" decoding=\"async\" width=\"660\" height=\"440\" src=\"https:\/\/pgik.pgik.se\/wp-content\/uploads\/2024\/12\/bishop-arms.jpg\" alt=\"\" class=\"wp-image-370\" srcset=\"https:\/\/pgik.pgik.se\/wp-content\/uploads\/2024\/12\/bishop-arms.jpg 660w, https:\/\/pgik.pgik.se\/wp-content\/uploads\/2024\/12\/bishop-arms-300x200.jpg 300w, https:\/\/pgik.pgik.se\/wp-content\/uploads\/2024\/12\/bishop-arms-370x247.jpg 370w\" sizes=\"auto, (max-width: 660px) 100vw, 660px\" \/><\/figure>\n\n\n\n<p>GOD JUL och hoppas vi ses<\/p>\n\n\n\n<p>Ingalill och Eva<\/p>\n","protected":false},"excerpt":{"rendered":"<p>Hej alla PGIK:are! Vi fick k\u00e4nslan p\u00e5 julmiddagen att flera &hellip; <\/p>\n","protected":false},"author":1,"featured_media":370,"parent":0,"menu_order":0,"comment_status":"closed","ping_status":"closed","template":"","meta":{"footnotes":""},"class_list":["post-372","page","type-page","status-publish","has-post-thumbnail","hentry"],"_links":{"self":[{"href":"https:\/\/pgik.pgik.se\/index.php\/wp-json\/wp\/v2\/pages\/372","targetHints":{"allow":["GET"]}}],"collection":[{"href":"https:\/\/pgik.pgik.se\/index.php\/wp-json\/wp\/v2\/pages"}],"about":[{"href":"https:\/\/pgik.pgik.se\/index.php\/wp-json\/wp\/v2\/types\/page"}],"author":[{"embeddable":true,"href":"https:\/\/pgik.pgik.se\/index.php\/wp-json\/wp\/v2\/users\/1"}],"replies":[{"embeddable":true,"href":"https:\/\/pgik.pgik.se\/index.php\/wp-json\/wp\/v2\/comments?post=372"}],"version-history":[{"count":2,"href":"https:\/\/pgik.pgik.se\/index.php\/wp-json\/wp\/v2\/pages\/372\/revisions"}],"predecessor-version":[{"id":376,"href":"https:\/\/pgik.pgik.se\/index.php\/wp-json\/wp\/v2\/pages\/372\/revisions\/376"}],"wp:featuredmedia":[{"embeddable":true,"href":"https:\/\/pgik.pgik.se\/index.php\/wp-json\/wp\/v2\/media\/370"}],"wp:attachment":[{"href":"https:\/\/pgik.pgik.se\/index.php\/wp-json\/wp\/v2\/media?parent=372"}],"curies":[{"name":"wp","href":"https:\/\/api.w.org\/{rel}","templated":true}]}}