{"id":378,"date":"2024-12-31T01:39:01","date_gmt":"2024-12-31T00:39:01","guid":{"rendered":"https:\/\/pgik.pgik.se\/?page_id=378"},"modified":"2024-12-31T01:41:02","modified_gmt":"2024-12-31T00:41:02","slug":"confidencen","status":"publish","type":"page","link":"https:\/\/pgik.pgik.se\/index.php\/confidencen\/","title":{"rendered":"Confidencen"},"content":{"rendered":"\n<p>V\u00e4lkommen till Confidencen \u2013 Sveriges \u00e4ldsta rokokoteater<br>PGIK inbjuder till en guidad visning tisdag 24 september 12.00.<\/p>\n\n\n\n<p><br>Under cirka 40 minuter tar vi med er p\u00e5 en vandring genom de kungliga<br>foaj\u00e9erna till teatersalongen och scenen. Under tiden ber\u00e4ttas historien om teatern<br>som rest sig ur ruinerna och nu \u00e5ter blivit en fullfj\u00e4drad rokokoteater med spektakul\u00e4ra maskinerier.<\/p>\n\n\n\n<figure class=\"wp-block-image size-full\"><img loading=\"lazy\" decoding=\"async\" width=\"2560\" height=\"1832\" src=\"https:\/\/pgik.pgik.se\/wp-content\/uploads\/2024\/12\/confidensen.jpg\" alt=\"\" class=\"wp-image-379\" srcset=\"https:\/\/pgik.pgik.se\/wp-content\/uploads\/2024\/12\/confidensen.jpg 2560w, https:\/\/pgik.pgik.se\/wp-content\/uploads\/2024\/12\/confidensen-300x215.jpg 300w, https:\/\/pgik.pgik.se\/wp-content\/uploads\/2024\/12\/confidensen-1024x733.jpg 1024w, https:\/\/pgik.pgik.se\/wp-content\/uploads\/2024\/12\/confidensen-768x550.jpg 768w, https:\/\/pgik.pgik.se\/wp-content\/uploads\/2024\/12\/confidensen-1536x1099.jpg 1536w, https:\/\/pgik.pgik.se\/wp-content\/uploads\/2024\/12\/confidensen-2048x1466.jpg 2048w\" sizes=\"auto, (max-width: 2560px) 100vw, 2560px\" \/><\/figure>\n\n\n\n<p>Det \u00e4r en del trappor inne p\u00e5 teatern men meddela i din anm\u00e4lan<br>om du inte g\u00e5r i trappor s\u00e5 anpassas visningen efter det.<\/p>\n\n\n\n<p>Ta dig hit: Tunnelbana till Bergshamra, sedan buss 503 mot Ulriksdals begravningsplats, h\u00e5llplats Ulriksdals W\u00e4rdshus.<\/p>\n\n\n\n<p>Pendelt\u00e5g till Ulriksdals Station sedan buss 503 mot Bergshamra \u00d6stra, h\u00e5llplats Ulriksdals W\u00e4rdshus.<br>Alternativt: Att promenera fr\u00e5n Bergshamra Centrum tar ca 15 minuter.<br>Korsa Bergshamra torg och f\u00f6lj Bj\u00f6rnstigen mot Kungshamra, ta av h\u00f6ger in p\u00e5<br>Hjortstigen. Ta av f\u00f6rsta till v\u00e4nster p\u00e5 Illerstigen. F\u00f6lj Illerstigen och forts\u00e4tt p\u00e5 en<br>stig. G\u00e5 f\u00f6rbi kyrkog\u00e5rden p\u00e5 h\u00f6ger sida tills du kommer ut p\u00e5 Skogsborgstigen.<br>Mellan tr\u00e4den kommer du snart skymta en gul slottsteater, Confidencen!<br>Om du vill promenera med oss s\u00e5 ses vi utanf\u00f6r tunnelbanesp\u00e4rrarna 11.20<\/p>\n\n\n\n<p>Efter\u00e5t g\u00e5r vi till Ulriksdals Slottstr\u00e4dg\u00e5rd f\u00f6r lunch eller fika p\u00e5 egen bekostnad<\/p>\n\n\n\n<p>Anm\u00e4l dig genom att svara p\u00e5 detta mail och s\u00e4tta in 95 kr p\u00e5 pg 2130848-1 senast 18 september och ange om du vill g\u00e5 med och \u00e4ta.<\/p>\n\n\n\n<p>Hoppas vi ses!<\/p>\n\n\n\n<p>Eva 0706690906 och Ingalill 0730200150<\/p>\n","protected":false},"excerpt":{"rendered":"<p>V\u00e4lkommen till Confidencen \u2013 Sveriges \u00e4ldsta rokokoteaterPGIK inbjuder till en &hellip; <\/p>\n","protected":false},"author":1,"featured_media":379,"parent":0,"menu_order":0,"comment_status":"closed","ping_status":"closed","template":"","meta":{"footnotes":""},"class_list":["post-378","page","type-page","status-publish","has-post-thumbnail","hentry"],"_links":{"self":[{"href":"https:\/\/pgik.pgik.se\/index.php\/wp-json\/wp\/v2\/pages\/378","targetHints":{"allow":["GET"]}}],"collection":[{"href":"https:\/\/pgik.pgik.se\/index.php\/wp-json\/wp\/v2\/pages"}],"about":[{"href":"https:\/\/pgik.pgik.se\/index.php\/wp-json\/wp\/v2\/types\/page"}],"author":[{"embeddable":true,"href":"https:\/\/pgik.pgik.se\/index.php\/wp-json\/wp\/v2\/users\/1"}],"replies":[{"embeddable":true,"href":"https:\/\/pgik.pgik.se\/index.php\/wp-json\/wp\/v2\/comments?post=378"}],"version-history":[{"count":3,"href":"https:\/\/pgik.pgik.se\/index.php\/wp-json\/wp\/v2\/pages\/378\/revisions"}],"predecessor-version":[{"id":384,"href":"https:\/\/pgik.pgik.se\/index.php\/wp-json\/wp\/v2\/pages\/378\/revisions\/384"}],"wp:featuredmedia":[{"embeddable":true,"href":"https:\/\/pgik.pgik.se\/index.php\/wp-json\/wp\/v2\/media\/379"}],"wp:attachment":[{"href":"https:\/\/pgik.pgik.se\/index.php\/wp-json\/wp\/v2\/media?parent=378"}],"curies":[{"name":"wp","href":"https:\/\/api.w.org\/{rel}","templated":true}]}}