{"id":385,"date":"2024-12-31T01:43:26","date_gmt":"2024-12-31T00:43:26","guid":{"rendered":"https:\/\/pgik.pgik.se\/?page_id=385"},"modified":"2024-12-31T01:43:26","modified_gmt":"2024-12-31T00:43:26","slug":"boule-i-ralis","status":"publish","type":"page","link":"https:\/\/pgik.pgik.se\/index.php\/boule-i-ralis\/","title":{"rendered":"Boule i R\u00e5lis"},"content":{"rendered":"\n<p>V\u00e4lkomna till Boule i R\u00e5lis med PGIK<br>Vi har bokat banor m\u00e5ndag 3 juni 15.45 &#8211; 17.15.<\/p>\n\n\n\n<figure class=\"wp-block-image size-full\"><img loading=\"lazy\" decoding=\"async\" width=\"2000\" height=\"1333\" src=\"https:\/\/pgik.pgik.se\/wp-content\/uploads\/2024\/12\/boulebar.jpg\" alt=\"\" class=\"wp-image-386\" srcset=\"https:\/\/pgik.pgik.se\/wp-content\/uploads\/2024\/12\/boulebar.jpg 2000w, https:\/\/pgik.pgik.se\/wp-content\/uploads\/2024\/12\/boulebar-300x200.jpg 300w, https:\/\/pgik.pgik.se\/wp-content\/uploads\/2024\/12\/boulebar-1024x682.jpg 1024w, https:\/\/pgik.pgik.se\/wp-content\/uploads\/2024\/12\/boulebar-768x512.jpg 768w, https:\/\/pgik.pgik.se\/wp-content\/uploads\/2024\/12\/boulebar-1536x1024.jpg 1536w, https:\/\/pgik.pgik.se\/wp-content\/uploads\/2024\/12\/boulebar-370x247.jpg 370w, https:\/\/pgik.pgik.se\/wp-content\/uploads\/2024\/12\/boulebar-776x517.jpg 776w\" sizes=\"auto, (max-width: 2000px) 100vw, 2000px\" \/><\/figure>\n\n\n\n<p>Boulebar i R\u00e5lambshovsparken.<\/p>\n\n\n\n<p>Efter boulen kan du g\u00e5 med oss till Primo Artigiano p\u00e5 Hantverkargatan 76 och \u00e4ta n\u00e5got. Vad v\u00e4ljer du n\u00e4r vi \u00e4r d\u00e4r.<\/p>\n\n\n\n<p>Anm\u00e4l dig genom att svara p\u00e5 detta mail samt ange om du g\u00e5r med och \u00e4ter. N\u00e4r du f\u00e5tt svar betalar du in 75 kr p\u00e5 pg 2130848-1 senast den 27 maj.<\/p>\n\n\n\n<p>Hoppas vi ses p\u00e5 v\u00e5r sista aktivitet innan vi tar sommarlov!<\/p>\n\n\n\n<p>Soliga h\u00e4lsningar<br>Eva och Ingalill<\/p>\n","protected":false},"excerpt":{"rendered":"<p>V\u00e4lkomna till Boule i R\u00e5lis med PGIKVi har bokat banor &hellip; <\/p>\n","protected":false},"author":1,"featured_media":386,"parent":0,"menu_order":0,"comment_status":"closed","ping_status":"closed","template":"","meta":{"footnotes":""},"class_list":["post-385","page","type-page","status-publish","has-post-thumbnail","hentry"],"_links":{"self":[{"href":"https:\/\/pgik.pgik.se\/index.php\/wp-json\/wp\/v2\/pages\/385","targetHints":{"allow":["GET"]}}],"collection":[{"href":"https:\/\/pgik.pgik.se\/index.php\/wp-json\/wp\/v2\/pages"}],"about":[{"href":"https:\/\/pgik.pgik.se\/index.php\/wp-json\/wp\/v2\/types\/page"}],"author":[{"embeddable":true,"href":"https:\/\/pgik.pgik.se\/index.php\/wp-json\/wp\/v2\/users\/1"}],"replies":[{"embeddable":true,"href":"https:\/\/pgik.pgik.se\/index.php\/wp-json\/wp\/v2\/comments?post=385"}],"version-history":[{"count":1,"href":"https:\/\/pgik.pgik.se\/index.php\/wp-json\/wp\/v2\/pages\/385\/revisions"}],"predecessor-version":[{"id":387,"href":"https:\/\/pgik.pgik.se\/index.php\/wp-json\/wp\/v2\/pages\/385\/revisions\/387"}],"wp:featuredmedia":[{"embeddable":true,"href":"https:\/\/pgik.pgik.se\/index.php\/wp-json\/wp\/v2\/media\/386"}],"wp:attachment":[{"href":"https:\/\/pgik.pgik.se\/index.php\/wp-json\/wp\/v2\/media?parent=385"}],"curies":[{"name":"wp","href":"https:\/\/api.w.org\/{rel}","templated":true}]}}