{"id":393,"date":"2024-12-31T01:53:59","date_gmt":"2024-12-31T00:53:59","guid":{"rendered":"https:\/\/pgik.pgik.se\/?page_id=393"},"modified":"2024-12-31T01:53:59","modified_gmt":"2024-12-31T00:53:59","slug":"guidad-tur-pa-filmstaden","status":"publish","type":"page","link":"https:\/\/pgik.pgik.se\/index.php\/guidad-tur-pa-filmstaden\/","title":{"rendered":"Guidad tur p\u00e5 Filmstaden"},"content":{"rendered":"\n<p>V\u00e4lkomna p\u00e5 en guidad tur p\u00e5 Filmstaden i R\u00e5sunda.<br>N\u00e4r: Tisdag 19 mars 11.00<\/p>\n\n\n\n<figure class=\"wp-block-image size-full\"><img loading=\"lazy\" decoding=\"async\" width=\"1200\" height=\"675\" src=\"https:\/\/pgik.pgik.se\/wp-content\/uploads\/2024\/12\/filmstaden.webp\" alt=\"Bild p\u00e5 Filmstaden i R\u00e5sunda, en av aktiviteterna 2024\" class=\"wp-image-197\" srcset=\"https:\/\/pgik.pgik.se\/wp-content\/uploads\/2024\/12\/filmstaden.webp 1200w, https:\/\/pgik.pgik.se\/wp-content\/uploads\/2024\/12\/filmstaden-300x169.webp 300w, https:\/\/pgik.pgik.se\/wp-content\/uploads\/2024\/12\/filmstaden-1024x576.webp 1024w, https:\/\/pgik.pgik.se\/wp-content\/uploads\/2024\/12\/filmstaden-768x432.webp 768w\" sizes=\"auto, (max-width: 1200px) 100vw, 1200px\" \/><\/figure>\n\n\n\n<p>Adress: Greta Garbos v\u00e4g 3, Solna.<br>Hitta hit: Tunnelbana bl\u00e5 linje till N\u00e4ckrosen, uppg\u00e5ng mot R\u00e5sundav\u00e4gen. L\u00e4ngst bak i t\u00e5get fr\u00e5n stan. Alternativt buss 515 fr\u00e5n pendelt\u00e5gstation Solna Station eller Sundbyberg station till N\u00e4ckrosen.<\/p>\n\n\n\n<p>Anm\u00e4l dig genom att svara p\u00e5 detta mail senast 12 mars och n\u00e4r du f\u00e5tt svar s\u00e4tter du in 90 kr p\u00e5 Pg 2130848-1 OBS! Nytt pgnummer!<\/p>\n\n\n\n<p>Ange i ditt svar om du vill \u00e4ta lunch efter\u00e5t i Backstugan.<\/p>\n\n\n\n<p>Se meny: Lunchmeny (backstugan.nu) Ny meny varje vecka.<\/p>\n\n\n\n<p>Ta chansen att se och ta del av Sveriges Hollywoods historia d\u00e4r filmstj\u00e4rnor som Greta Garbo och Ingrid Bergman fick sina stora genombrott och regiss\u00f6rer som Ingmar Bergman och Hasse Ekman verkade under decennier. Guidningen \u00e4r mestadels utomhus i ca 1 timme och avslutas sedan i Portvaktsstugan med filmklipp och kaffe och liten kaka.<\/p>\n\n\n\n<p>Hoppas vi ses!<\/p>\n\n\n\n<p>Eva 0706690906 och Ingalill 0730200150<\/p>\n","protected":false},"excerpt":{"rendered":"<p>V\u00e4lkomna p\u00e5 en guidad tur p\u00e5 Filmstaden i R\u00e5sunda.N\u00e4r: Tisdag &hellip; <\/p>\n","protected":false},"author":1,"featured_media":197,"parent":0,"menu_order":0,"comment_status":"closed","ping_status":"closed","template":"","meta":{"footnotes":""},"class_list":["post-393","page","type-page","status-publish","has-post-thumbnail","hentry"],"_links":{"self":[{"href":"https:\/\/pgik.pgik.se\/index.php\/wp-json\/wp\/v2\/pages\/393","targetHints":{"allow":["GET"]}}],"collection":[{"href":"https:\/\/pgik.pgik.se\/index.php\/wp-json\/wp\/v2\/pages"}],"about":[{"href":"https:\/\/pgik.pgik.se\/index.php\/wp-json\/wp\/v2\/types\/page"}],"author":[{"embeddable":true,"href":"https:\/\/pgik.pgik.se\/index.php\/wp-json\/wp\/v2\/users\/1"}],"replies":[{"embeddable":true,"href":"https:\/\/pgik.pgik.se\/index.php\/wp-json\/wp\/v2\/comments?post=393"}],"version-history":[{"count":1,"href":"https:\/\/pgik.pgik.se\/index.php\/wp-json\/wp\/v2\/pages\/393\/revisions"}],"predecessor-version":[{"id":394,"href":"https:\/\/pgik.pgik.se\/index.php\/wp-json\/wp\/v2\/pages\/393\/revisions\/394"}],"wp:featuredmedia":[{"embeddable":true,"href":"https:\/\/pgik.pgik.se\/index.php\/wp-json\/wp\/v2\/media\/197"}],"wp:attachment":[{"href":"https:\/\/pgik.pgik.se\/index.php\/wp-json\/wp\/v2\/media?parent=393"}],"curies":[{"name":"wp","href":"https:\/\/api.w.org\/{rel}","templated":true}]}}