{"id":458,"date":"2025-01-01T16:41:09","date_gmt":"2025-01-01T15:41:09","guid":{"rendered":"https:\/\/pgik.pgik.se\/?page_id=458"},"modified":"2025-01-01T17:16:12","modified_gmt":"2025-01-01T16:16:12","slug":"saltjobadens-historia","status":"publish","type":"page","link":"https:\/\/pgik.pgik.se\/index.php\/saltjobadens-historia\/","title":{"rendered":"Saltj\u00f6badens historia"},"content":{"rendered":"\n<h2 class=\"wp-block-heading\">Saltsj\u00f6badens historia<\/h2>\n\n\n\n<p><strong>Se <a href=\"#bilder\">bilder fr\u00e5n dagen<\/a> l\u00e4ngst ner p\u00e5 sidan<\/strong><\/p>\n\n\n\n<p>Vad vet du om Saltsj\u00f6baden? Saltsj\u00f6baden \u00e4r en t\u00e4tort i Nacka kommun, ca 15 km fr\u00e5n Stockholm, inom kommundelen Saltsj\u00f6baden\/Frisks\u00e4tra. Saltsj\u00f6baden omfattar Neglinge\u00f6n, en halv\u00f6 p\u00e5 cirka 75 hektar som ligger mellan Baggensfj\u00e4rden och Neglingeviken och \u00e4r f\u00f6renad med fastlandet genom ett n\u00e4s vid R\u00f6sunda p\u00e5 den s\u00f6dra delen av Neglinge\u00f6n. Nu har du changsen att f\u00e5 veta lite mer.<\/p>\n\n\n\n<p>PGIK v\u00e4lkomnar dig till en rundvandring med guiden Stefan Maurbakken som vi tidigare anlitat. Uppt\u00e4ck Saltsj\u00f6badens historia, fr\u00e5n stationen till Sjuvillorna, V\u00e5r g\u00e5rd och Grand Hotel. Se vackra villor, kallbaden och kuperade vyer.<\/p>\n\n\n\n<ul class=\"wp-block-list\">\n<li>Datum: 10 oktober, samling vid Saltsj\u00f6badens station kl 10.45<\/li>\n\n\n\n<li>Kostnad 100 kr som s\u00e4tts in p\u00e5 pg 213 08 48 -1 senast 8 oktober.<\/li>\n\n\n\n<li>Fr\u00e5n Slussen, g\u00e5 Katarinav\u00e4gen upp f\u00f6rbi Sj\u00f6fartshotellet s\u00e5 hittar du bussh\u00e5llplatsen.<\/li>\n<\/ul>\n\n\n\n<p>Efter rundturen \u00e4ter vi som vill lunch p\u00e5 Saltsj\u00f6badens hotell (175 kr).<\/p>\n\n\n\n<p>Anm\u00e4lan senast 6 oktober och meddela om du vill \u00e4ta med oss. Om du uteblir efter anm\u00e4lan s\u00e5 g\u00e4ller ingen \u00e5terbetalning.<\/p>\n\n\n\n<p>Vi ses<\/p>\n\n\n\n<p>Ingalill &amp; Eva<\/p>\n\n\n\n<h2 class=\"wp-block-heading\" id=\"bilder\">Bilder fr\u00e5n kv\u00e4llen<\/h2>\n\n\n\n<figure class=\"wp-block-gallery has-nested-images columns-2 is-cropped wp-block-gallery-1 is-layout-flex wp-block-gallery-is-layout-flex\">\n<figure data-wp-context=\"{&quot;imageId&quot;:&quot;69f1b1955f32d&quot;}\" data-wp-interactive=\"core\/image\" data-wp-key=\"69f1b1955f32d\" class=\"wp-block-image size-full wp-lightbox-container\"><img loading=\"lazy\" decoding=\"async\" width=\"424\" height=\"565\" data-wp-class--hide=\"state.isContentHidden\" data-wp-class--show=\"state.isContentVisible\" data-wp-init=\"callbacks.setButtonStyles\" data-wp-on--click=\"actions.showLightbox\" data-wp-on--load=\"callbacks.setButtonStyles\" data-wp-on-window--resize=\"callbacks.setButtonStyles\" data-id=\"476\" src=\"https:\/\/pgik.pgik.se\/wp-content\/uploads\/2025\/01\/saltis1.jpg\" alt=\"\" class=\"wp-image-476\" srcset=\"https:\/\/pgik.pgik.se\/wp-content\/uploads\/2025\/01\/saltis1.jpg 424w, https:\/\/pgik.pgik.se\/wp-content\/uploads\/2025\/01\/saltis1-225x300.jpg 225w\" sizes=\"auto, (max-width: 424px) 100vw, 424px\" \/><button\n\t\t\tclass=\"lightbox-trigger\"\n\t\t\ttype=\"button\"\n\t\t\taria-haspopup=\"dialog\"\n\t\t\taria-label=\"F\u00f6rstora\"\n\t\t\tdata-wp-init=\"callbacks.initTriggerButton\"\n\t\t\tdata-wp-on--click=\"actions.showLightbox\"\n\t\t\tdata-wp-style--right=\"state.imageButtonRight\"\n\t\t\tdata-wp-style--top=\"state.imageButtonTop\"\n\t\t>\n\t\t\t<svg xmlns=\"http:\/\/www.w3.org\/2000\/svg\" width=\"12\" height=\"12\" fill=\"none\" viewBox=\"0 0 12 12\">\n\t\t\t\t<path fill=\"#fff\" d=\"M2 0a2 2 0 0 0-2 2v2h1.5V2a.5.5 0 0 1 .5-.5h2V0H2Zm2 10.5H2a.5.5 0 0 1-.5-.5V8H0v2a2 2 0 0 0 2 2h2v-1.5ZM8 12v-1.5h2a.5.5 0 0 0 .5-.5V8H12v2a2 2 0 0 1-2 2H8Zm2-12a2 2 0 0 1 2 2v2h-1.5V2a.5.5 0 0 0-.5-.5H8V0h2Z\" \/>\n\t\t\t<\/svg>\n\t\t<\/button><\/figure>\n\n\n\n<figure data-wp-context=\"{&quot;imageId&quot;:&quot;69f1b1955f873&quot;}\" data-wp-interactive=\"core\/image\" data-wp-key=\"69f1b1955f873\" class=\"wp-block-image size-large wp-lightbox-container\"><img loading=\"lazy\" decoding=\"async\" width=\"543\" height=\"724\" data-wp-class--hide=\"state.isContentHidden\" data-wp-class--show=\"state.isContentVisible\" data-wp-init=\"callbacks.setButtonStyles\" data-wp-on--click=\"actions.showLightbox\" data-wp-on--load=\"callbacks.setButtonStyles\" data-wp-on-window--resize=\"callbacks.setButtonStyles\" data-id=\"477\" src=\"https:\/\/pgik.pgik.se\/wp-content\/uploads\/2025\/01\/saltis2.jpg\" alt=\"\" class=\"wp-image-477\" srcset=\"https:\/\/pgik.pgik.se\/wp-content\/uploads\/2025\/01\/saltis2.jpg 543w, https:\/\/pgik.pgik.se\/wp-content\/uploads\/2025\/01\/saltis2-225x300.jpg 225w\" sizes=\"auto, (max-width: 543px) 100vw, 543px\" \/><button\n\t\t\tclass=\"lightbox-trigger\"\n\t\t\ttype=\"button\"\n\t\t\taria-haspopup=\"dialog\"\n\t\t\taria-label=\"F\u00f6rstora\"\n\t\t\tdata-wp-init=\"callbacks.initTriggerButton\"\n\t\t\tdata-wp-on--click=\"actions.showLightbox\"\n\t\t\tdata-wp-style--right=\"state.imageButtonRight\"\n\t\t\tdata-wp-style--top=\"state.imageButtonTop\"\n\t\t>\n\t\t\t<svg xmlns=\"http:\/\/www.w3.org\/2000\/svg\" width=\"12\" height=\"12\" fill=\"none\" viewBox=\"0 0 12 12\">\n\t\t\t\t<path fill=\"#fff\" d=\"M2 0a2 2 0 0 0-2 2v2h1.5V2a.5.5 0 0 1 .5-.5h2V0H2Zm2 10.5H2a.5.5 0 0 1-.5-.5V8H0v2a2 2 0 0 0 2 2h2v-1.5ZM8 12v-1.5h2a.5.5 0 0 0 .5-.5V8H12v2a2 2 0 0 1-2 2H8Zm2-12a2 2 0 0 1 2 2v2h-1.5V2a.5.5 0 0 0-.5-.5H8V0h2Z\" \/>\n\t\t\t<\/svg>\n\t\t<\/button><\/figure>\n\n\n\n<figure data-wp-context=\"{&quot;imageId&quot;:&quot;69f1b1955fcba&quot;}\" data-wp-interactive=\"core\/image\" data-wp-key=\"69f1b1955fcba\" class=\"wp-block-image size-large wp-lightbox-container\"><img loading=\"lazy\" decoding=\"async\" width=\"543\" height=\"724\" data-wp-class--hide=\"state.isContentHidden\" data-wp-class--show=\"state.isContentVisible\" data-wp-init=\"callbacks.setButtonStyles\" data-wp-on--click=\"actions.showLightbox\" data-wp-on--load=\"callbacks.setButtonStyles\" data-wp-on-window--resize=\"callbacks.setButtonStyles\" data-id=\"478\" src=\"https:\/\/pgik.pgik.se\/wp-content\/uploads\/2025\/01\/saltis3.jpg\" alt=\"\" class=\"wp-image-478\" srcset=\"https:\/\/pgik.pgik.se\/wp-content\/uploads\/2025\/01\/saltis3.jpg 543w, https:\/\/pgik.pgik.se\/wp-content\/uploads\/2025\/01\/saltis3-225x300.jpg 225w\" sizes=\"auto, (max-width: 543px) 100vw, 543px\" \/><button\n\t\t\tclass=\"lightbox-trigger\"\n\t\t\ttype=\"button\"\n\t\t\taria-haspopup=\"dialog\"\n\t\t\taria-label=\"F\u00f6rstora\"\n\t\t\tdata-wp-init=\"callbacks.initTriggerButton\"\n\t\t\tdata-wp-on--click=\"actions.showLightbox\"\n\t\t\tdata-wp-style--right=\"state.imageButtonRight\"\n\t\t\tdata-wp-style--top=\"state.imageButtonTop\"\n\t\t>\n\t\t\t<svg xmlns=\"http:\/\/www.w3.org\/2000\/svg\" width=\"12\" height=\"12\" fill=\"none\" viewBox=\"0 0 12 12\">\n\t\t\t\t<path fill=\"#fff\" d=\"M2 0a2 2 0 0 0-2 2v2h1.5V2a.5.5 0 0 1 .5-.5h2V0H2Zm2 10.5H2a.5.5 0 0 1-.5-.5V8H0v2a2 2 0 0 0 2 2h2v-1.5ZM8 12v-1.5h2a.5.5 0 0 0 .5-.5V8H12v2a2 2 0 0 1-2 2H8Zm2-12a2 2 0 0 1 2 2v2h-1.5V2a.5.5 0 0 0-.5-.5H8V0h2Z\" \/>\n\t\t\t<\/svg>\n\t\t<\/button><\/figure>\n\n\n\n<figure data-wp-context=\"{&quot;imageId&quot;:&quot;69f1b195600d3&quot;}\" data-wp-interactive=\"core\/image\" data-wp-key=\"69f1b195600d3\" class=\"wp-block-image size-large wp-lightbox-container\"><img loading=\"lazy\" decoding=\"async\" width=\"724\" height=\"543\" data-wp-class--hide=\"state.isContentHidden\" data-wp-class--show=\"state.isContentVisible\" data-wp-init=\"callbacks.setButtonStyles\" data-wp-on--click=\"actions.showLightbox\" data-wp-on--load=\"callbacks.setButtonStyles\" data-wp-on-window--resize=\"callbacks.setButtonStyles\" data-id=\"479\" src=\"https:\/\/pgik.pgik.se\/wp-content\/uploads\/2025\/01\/saltis4.jpg\" alt=\"\" class=\"wp-image-479\" srcset=\"https:\/\/pgik.pgik.se\/wp-content\/uploads\/2025\/01\/saltis4.jpg 724w, https:\/\/pgik.pgik.se\/wp-content\/uploads\/2025\/01\/saltis4-300x225.jpg 300w, https:\/\/pgik.pgik.se\/wp-content\/uploads\/2025\/01\/saltis4-640x480.jpg 640w, https:\/\/pgik.pgik.se\/wp-content\/uploads\/2025\/01\/saltis4-110x83.jpg 110w\" sizes=\"auto, (max-width: 724px) 100vw, 724px\" \/><button\n\t\t\tclass=\"lightbox-trigger\"\n\t\t\ttype=\"button\"\n\t\t\taria-haspopup=\"dialog\"\n\t\t\taria-label=\"F\u00f6rstora\"\n\t\t\tdata-wp-init=\"callbacks.initTriggerButton\"\n\t\t\tdata-wp-on--click=\"actions.showLightbox\"\n\t\t\tdata-wp-style--right=\"state.imageButtonRight\"\n\t\t\tdata-wp-style--top=\"state.imageButtonTop\"\n\t\t>\n\t\t\t<svg xmlns=\"http:\/\/www.w3.org\/2000\/svg\" width=\"12\" height=\"12\" fill=\"none\" viewBox=\"0 0 12 12\">\n\t\t\t\t<path fill=\"#fff\" d=\"M2 0a2 2 0 0 0-2 2v2h1.5V2a.5.5 0 0 1 .5-.5h2V0H2Zm2 10.5H2a.5.5 0 0 1-.5-.5V8H0v2a2 2 0 0 0 2 2h2v-1.5ZM8 12v-1.5h2a.5.5 0 0 0 .5-.5V8H12v2a2 2 0 0 1-2 2H8Zm2-12a2 2 0 0 1 2 2v2h-1.5V2a.5.5 0 0 0-.5-.5H8V0h2Z\" \/>\n\t\t\t<\/svg>\n\t\t<\/button><\/figure>\n<\/figure>\n","protected":false},"excerpt":{"rendered":"<p>Saltsj\u00f6badens historia Se bilder fr\u00e5n dagen l\u00e4ngst ner p\u00e5 sidan &hellip; <\/p>\n","protected":false},"author":1,"featured_media":456,"parent":0,"menu_order":0,"comment_status":"closed","ping_status":"closed","template":"","meta":{"footnotes":""},"class_list":["post-458","page","type-page","status-publish","has-post-thumbnail","hentry"],"_links":{"self":[{"href":"https:\/\/pgik.pgik.se\/index.php\/wp-json\/wp\/v2\/pages\/458","targetHints":{"allow":["GET"]}}],"collection":[{"href":"https:\/\/pgik.pgik.se\/index.php\/wp-json\/wp\/v2\/pages"}],"about":[{"href":"https:\/\/pgik.pgik.se\/index.php\/wp-json\/wp\/v2\/types\/page"}],"author":[{"embeddable":true,"href":"https:\/\/pgik.pgik.se\/index.php\/wp-json\/wp\/v2\/users\/1"}],"replies":[{"embeddable":true,"href":"https:\/\/pgik.pgik.se\/index.php\/wp-json\/wp\/v2\/comments?post=458"}],"version-history":[{"count":3,"href":"https:\/\/pgik.pgik.se\/index.php\/wp-json\/wp\/v2\/pages\/458\/revisions"}],"predecessor-version":[{"id":482,"href":"https:\/\/pgik.pgik.se\/index.php\/wp-json\/wp\/v2\/pages\/458\/revisions\/482"}],"wp:featuredmedia":[{"embeddable":true,"href":"https:\/\/pgik.pgik.se\/index.php\/wp-json\/wp\/v2\/media\/456"}],"wp:attachment":[{"href":"https:\/\/pgik.pgik.se\/index.php\/wp-json\/wp\/v2\/media?parent=458"}],"curies":[{"name":"wp","href":"https:\/\/api.w.org\/{rel}","templated":true}]}}