{"id":462,"date":"2025-01-01T16:49:14","date_gmt":"2025-01-01T15:49:14","guid":{"rendered":"https:\/\/pgik.pgik.se\/?page_id=462"},"modified":"2025-01-01T16:49:14","modified_gmt":"2025-01-01T15:49:14","slug":"lumafabriken","status":"publish","type":"page","link":"https:\/\/pgik.pgik.se\/index.php\/lumafabriken\/","title":{"rendered":"Lumafabriken"},"content":{"rendered":"\n<h2 class=\"wp-block-heading\">Lumafabriken<\/h2>\n\n\n\n<p>Inbjudan till guidad tur i Lumafabriken i Hammarby sj\u00f6stad.<\/p>\n\n\n\n<ul class=\"wp-block-list\">\n<li>Torsdagen 22 februari kl 11. Vi samlas kl 10.50.<\/li>\n\n\n\n<li>Lumaparksv\u00e4gen 7, h\u00e5llplats Luma med tv\u00e4rbanan, g\u00e5 uppf\u00f6r backen. Vi ses vid ing\u00e5ng till Eatery\/Luma.<\/li>\n\n\n\n<li>Anm\u00e4lan, maila och ange om du vill \u00e4ta lunch. N\u00e4r du f\u00e5tt svar, betala in 100 kr p\u00e5 pg 213 08 48-1 senast 15 februari. Obs, nytt pgnummer f\u00f6r PGIK-aktiviteter.<\/li>\n<\/ul>\n\n\n\n<p>Efter bes\u00f6ket kan du som vill g\u00e5 med till Eatery f\u00f6r lunch. De har enligt guiden pensionsrabatter mellan kl 13-14.<\/p>\n\n\n\n<p>Vi f\u00e5r h\u00f6ra om gl\u00f6dlampans och fabrikens historia.<\/p>\n\n\n\n<p>Lumafabriken stod f\u00e4rdig 1930 och fungerade som lampfabrik till slutet av 1970-talet. Byggnaden \u00e4r K-m\u00e4rkt, \u00e4gs av Fabege och r\u00e4knas som en av Sveriges fr\u00e4msta funktionalistiska industribyggnader. Sedan 2018 drivs Lumafabriken av konferens- och restaurangaktt\u00f6ren Eatery, numera under namnet Lumafabriken.<\/p>\n\n\n\n<p>Hoppas vi ses!<\/p>\n\n\n\n<p>Eva &amp; Ingalill<\/p>\n","protected":false},"excerpt":{"rendered":"<p>Lumafabriken Inbjudan till guidad tur i Lumafabriken i Hammarby sj\u00f6stad. &hellip; <\/p>\n","protected":false},"author":1,"featured_media":461,"parent":0,"menu_order":0,"comment_status":"closed","ping_status":"closed","template":"","meta":{"footnotes":""},"class_list":["post-462","page","type-page","status-publish","has-post-thumbnail","hentry"],"_links":{"self":[{"href":"https:\/\/pgik.pgik.se\/index.php\/wp-json\/wp\/v2\/pages\/462","targetHints":{"allow":["GET"]}}],"collection":[{"href":"https:\/\/pgik.pgik.se\/index.php\/wp-json\/wp\/v2\/pages"}],"about":[{"href":"https:\/\/pgik.pgik.se\/index.php\/wp-json\/wp\/v2\/types\/page"}],"author":[{"embeddable":true,"href":"https:\/\/pgik.pgik.se\/index.php\/wp-json\/wp\/v2\/users\/1"}],"replies":[{"embeddable":true,"href":"https:\/\/pgik.pgik.se\/index.php\/wp-json\/wp\/v2\/comments?post=462"}],"version-history":[{"count":1,"href":"https:\/\/pgik.pgik.se\/index.php\/wp-json\/wp\/v2\/pages\/462\/revisions"}],"predecessor-version":[{"id":463,"href":"https:\/\/pgik.pgik.se\/index.php\/wp-json\/wp\/v2\/pages\/462\/revisions\/463"}],"wp:featuredmedia":[{"embeddable":true,"href":"https:\/\/pgik.pgik.se\/index.php\/wp-json\/wp\/v2\/media\/461"}],"wp:attachment":[{"href":"https:\/\/pgik.pgik.se\/index.php\/wp-json\/wp\/v2\/media?parent=462"}],"curies":[{"name":"wp","href":"https:\/\/api.w.org\/{rel}","templated":true}]}}