{"id":464,"date":"2025-01-01T17:02:35","date_gmt":"2025-01-01T16:02:35","guid":{"rendered":"https:\/\/pgik.pgik.se\/?page_id=464"},"modified":"2025-01-01T17:02:35","modified_gmt":"2025-01-01T16:02:35","slug":"rising-stars-med-gitarr","status":"publish","type":"page","link":"https:\/\/pgik.pgik.se\/index.php\/rising-stars-med-gitarr\/","title":{"rendered":"Rising stars med gitarr"},"content":{"rendered":"\n<h2 class=\"wp-block-heading\">Rising stars med gitarr<\/h2>\n\n\n\n<p>Vad s\u00e4gs om en soppkonsert i Gr\u00fcnewaldsalen p\u00e5 Konserthuset fredagen 2 februari med PGIK?<\/p>\n\n\n\n<p>Den skotske gitarristen Sean Shibe spelar bland annat Poulenc.<\/p>\n\n\n\n<p>Missa inte m\u00f6jligheten att h\u00f6ra framtidens stj\u00e4rnartister redan idag. Rising Stars \u00e4r ett unikt fram\u00e5tblickande samarbete mellan 24 av Europas ledande konserthus som ing\u00e5r i ECHO &#8211; European Concert Hall Organisation. Varje \u00e5r utses en handfull unga artister och ensembler fr\u00e5n olika l\u00e4nder som f\u00e5r m\u00f6jligheten att turnera till alla konserthusen och m\u00f6ta en internationell publik.<\/p>\n\n\n\n<p>Erfarenheten visar att de som tagits ut till Rising Stars ocks\u00e5 f\u00e5r en internationellt framg\u00e5ngsrik karri\u00e4r. En av \u00e5rets unga stj\u00e4rnor \u00e4r den skotske gitarristen Sesan Shibe, nominerad till Rising Starts av Barbican i London. Vid sitt bes\u00f6k i konserthuset spelar han musik av en brittisk-amerikanske Freya Waley-Cohen och ett nytt stycke av den brittiske tons\u00e4ttaren Thomas Ad\u00e9s, som var 2009 \u00e5rs profil vid Konserthusets internationella tons\u00e4ttarfestival. Vi h\u00f6r ocks\u00e5 musik av Francis Poulenc och Federic Pompou. Pompou var f\u00f6dd i Barcelona men studerade vid konservatoriet i Paris och influerades av Erik Satie och fransk impressionism.<\/p>\n\n\n\n<ul class=\"wp-block-list\">\n<li><em>Meny<\/em>: Rostad tomatsoppa med basilika. Soppan serverad med surdegsbr\u00f6d, kn\u00e4ckebr\u00f6d och vispat sm\u00f6r samt dryck och kaffe\/te med liten kaka. Alla soppor \u00e4r laktos och glutenfria.<\/li>\n\n\n\n<li><em>Datum<\/em>: Fredag 2 februari 2024, samling kl 11.20, insl\u00e4pp och soppa kl 11.30, konserten b\u00f6rjar kl 12.15 och avslutas ca 13. Vi har 24 platser.<\/li>\n\n\n\n<li><em>Ing\u00e5ng<\/em>: Gr\u00fcnewaldsalen har egen ing\u00e5ng p\u00e5 Kungsgatan 43, alt hiss i 41:an.<\/li>\n\n\n\n<li><em>Kostnad<\/em>: 150 kr men du m\u00e5ste anm\u00e4la dig f\u00f6rst, senast 5 januari och n\u00e4r du f\u00e5tt svar betala in p\u00e5 pg 1654-3. Om du uteblir betalas pengarna inte tillbaka.<\/li>\n<\/ul>\n\n\n\n<p>Hoppas vi ses!<\/p>\n\n\n\n<p>Ingalill &amp; Eva<\/p>\n","protected":false},"excerpt":{"rendered":"<p>Rising stars med gitarr Vad s\u00e4gs om en soppkonsert i &hellip; <\/p>\n","protected":false},"author":1,"featured_media":465,"parent":0,"menu_order":0,"comment_status":"closed","ping_status":"closed","template":"","meta":{"footnotes":""},"class_list":["post-464","page","type-page","status-publish","has-post-thumbnail","hentry"],"_links":{"self":[{"href":"https:\/\/pgik.pgik.se\/index.php\/wp-json\/wp\/v2\/pages\/464","targetHints":{"allow":["GET"]}}],"collection":[{"href":"https:\/\/pgik.pgik.se\/index.php\/wp-json\/wp\/v2\/pages"}],"about":[{"href":"https:\/\/pgik.pgik.se\/index.php\/wp-json\/wp\/v2\/types\/page"}],"author":[{"embeddable":true,"href":"https:\/\/pgik.pgik.se\/index.php\/wp-json\/wp\/v2\/users\/1"}],"replies":[{"embeddable":true,"href":"https:\/\/pgik.pgik.se\/index.php\/wp-json\/wp\/v2\/comments?post=464"}],"version-history":[{"count":1,"href":"https:\/\/pgik.pgik.se\/index.php\/wp-json\/wp\/v2\/pages\/464\/revisions"}],"predecessor-version":[{"id":466,"href":"https:\/\/pgik.pgik.se\/index.php\/wp-json\/wp\/v2\/pages\/464\/revisions\/466"}],"wp:featuredmedia":[{"embeddable":true,"href":"https:\/\/pgik.pgik.se\/index.php\/wp-json\/wp\/v2\/media\/465"}],"wp:attachment":[{"href":"https:\/\/pgik.pgik.se\/index.php\/wp-json\/wp\/v2\/media?parent=464"}],"curies":[{"name":"wp","href":"https:\/\/api.w.org\/{rel}","templated":true}]}}