{"id":652,"date":"2025-01-08T21:11:13","date_gmt":"2025-01-08T20:11:13","guid":{"rendered":"https:\/\/pgik.pgik.se\/?page_id=652"},"modified":"2025-04-25T11:03:58","modified_gmt":"2025-04-25T09:03:58","slug":"arsmote-2024","status":"publish","type":"page","link":"https:\/\/pgik.pgik.se\/index.php\/arsmote-2024\/","title":{"rendered":"\u00c5rsm\u00f6te 7 mars 2024"},"content":{"rendered":"\n<h2 class=\"wp-block-heading\">\u00c5rsm\u00f6te 7 mars 2024<\/h2>\n\n\n\n<p><strong>\u00c5rsm\u00f6teshandlingar f\u00f6r 2024:<\/strong><\/p>\n\n\n\n<div class=\"wp-block-file\"><a id=\"wp-block-file--media-ae7ad836-1db9-44ea-9ef7-71293f4ccb4a\" href=\"https:\/\/pgik.pgik.se\/wp-content\/uploads\/2025\/01\/PGIK-protokoll-arsmote-2024.pdf\">PGIK protokoll a\u030arsmote 2024<\/a><\/div>\n\n\n\n<div class=\"wp-block-file\"><a id=\"wp-block-file--media-41766516-d582-4796-9b25-0bad4dfbb7d7\" href=\"https:\/\/pgik.pgik.se\/wp-content\/uploads\/2025\/01\/PGIK-verksamhetsberattelse-2023.docx\">PGIK verksamhetsbera\u0308ttelse 2023<\/a><\/div>\n\n\n\n<div class=\"wp-block-file\"><a id=\"wp-block-file--media-b9d5b0e9-4d94-4130-8a8f-976dbbfb0f2e\" href=\"https:\/\/pgik.pgik.se\/wp-content\/uploads\/2025\/01\/PGIK-Valberedningsforslag-till-styrelse-2024.docx\">PGIK Valberedningsfo\u0308rslag till styrelse 2024<\/a><\/div>\n\n\n\n<div class=\"wp-block-file\"><a id=\"wp-block-file--media-55f20d65-8d99-49a3-814a-cb9b31befd3b\" href=\"https:\/\/pgik.pgik.se\/wp-content\/uploads\/2025\/01\/PGIK-arsmote-2024-motion-1.pdf\">PGIK a\u030arsmo\u0308te 2024, motion 1<\/a><\/div>\n\n\n\n<div class=\"wp-block-file\"><a id=\"wp-block-file--media-c8831243-6b9d-430e-b940-61f5aa31c581\" href=\"https:\/\/pgik.pgik.se\/wp-content\/uploads\/2025\/01\/PGIK_stadgar_2009-03-05.doc\">PGIK_stadgar_2009-03-05<\/a><\/div>\n\n\n\n<hr class=\"wp-block-separator has-alpha-channel-opacity\"\/>\n\n\n\n<p><a href=\"https:\/\/pgik.pgik.se\/index.php\/om-oss\/\" data-type=\"page\" data-id=\"24\">Tillbaka till sidan Om oss<\/a><\/p>\n\n\n\n<p><\/p>\n","protected":false},"excerpt":{"rendered":"<p>\u00c5rsm\u00f6te 7 mars 2024 \u00c5rsm\u00f6teshandlingar f\u00f6r 2024: Tillbaka till sidan &hellip; <\/p>\n","protected":false},"author":1,"featured_media":643,"parent":0,"menu_order":0,"comment_status":"closed","ping_status":"closed","template":"","meta":{"footnotes":""},"class_list":["post-652","page","type-page","status-publish","has-post-thumbnail","hentry"],"_links":{"self":[{"href":"https:\/\/pgik.pgik.se\/index.php\/wp-json\/wp\/v2\/pages\/652","targetHints":{"allow":["GET"]}}],"collection":[{"href":"https:\/\/pgik.pgik.se\/index.php\/wp-json\/wp\/v2\/pages"}],"about":[{"href":"https:\/\/pgik.pgik.se\/index.php\/wp-json\/wp\/v2\/types\/page"}],"author":[{"embeddable":true,"href":"https:\/\/pgik.pgik.se\/index.php\/wp-json\/wp\/v2\/users\/1"}],"replies":[{"embeddable":true,"href":"https:\/\/pgik.pgik.se\/index.php\/wp-json\/wp\/v2\/comments?post=652"}],"version-history":[{"count":9,"href":"https:\/\/pgik.pgik.se\/index.php\/wp-json\/wp\/v2\/pages\/652\/revisions"}],"predecessor-version":[{"id":776,"href":"https:\/\/pgik.pgik.se\/index.php\/wp-json\/wp\/v2\/pages\/652\/revisions\/776"}],"wp:featuredmedia":[{"embeddable":true,"href":"https:\/\/pgik.pgik.se\/index.php\/wp-json\/wp\/v2\/media\/643"}],"wp:attachment":[{"href":"https:\/\/pgik.pgik.se\/index.php\/wp-json\/wp\/v2\/media?parent=652"}],"curies":[{"name":"wp","href":"https:\/\/api.w.org\/{rel}","templated":true}]}}