{"id":782,"date":"2025-05-05T22:47:37","date_gmt":"2025-05-05T20:47:37","guid":{"rendered":"https:\/\/pgik.pgik.se\/?page_id=782"},"modified":"2025-05-05T22:53:27","modified_gmt":"2025-05-05T20:53:27","slug":"spionvandring","status":"publish","type":"page","link":"https:\/\/pgik.pgik.se\/index.php\/spionvandring\/","title":{"rendered":"Spionvandring"},"content":{"rendered":"\n<h2 class=\"wp-block-heading\">V\u00e4lkommen p\u00e5 Spionvandring!<\/h2>\n\n\n\n<ul class=\"wp-block-list\">\n<li>Onsdagen 21 maj kl 12:00<\/li>\n\n\n\n<li>Samling p\u00e5 Villagatan 17 (\u00d6stermalm)<\/li>\n\n\n\n<li>Anm\u00e4lan till: <a href=\"mailto:pgik.traff@pgik.se\">pgik.traff@pgik.se<\/a><\/li>\n<\/ul>\n\n\n\n<p>Vandringen \u00e4r cirka 2,5 kilometer l\u00e5ng och avslutas p\u00e5 Engelbrektsgatan.<\/p>\n\n\n\n<p>N\u00e4r du f\u00e5tt bekr\u00e4ftelse, s\u00e4tt in 100 kr p\u00e5 PG-konto 213 08 48-1<em> OBS nytt pg nr<\/em>.  Har du t\u00e4nkt f\u00f6lja med och \u00e4ta efter vandringen? Kontakta Ingrid 072-707 1556 eller Janne 076-147 7735.<\/p>\n\n\n\n<figure class=\"wp-block-image size-large\"><img loading=\"lazy\" decoding=\"async\" width=\"1024\" height=\"582\" src=\"https:\/\/pgik.pgik.se\/wp-content\/uploads\/2025\/05\/Kvinnliga-spioner-spionvandring-1024x582.jpg\" alt=\"\" class=\"wp-image-783\" srcset=\"https:\/\/pgik.pgik.se\/wp-content\/uploads\/2025\/05\/Kvinnliga-spioner-spionvandring-1024x582.jpg 1024w, https:\/\/pgik.pgik.se\/wp-content\/uploads\/2025\/05\/Kvinnliga-spioner-spionvandring-300x170.jpg 300w, https:\/\/pgik.pgik.se\/wp-content\/uploads\/2025\/05\/Kvinnliga-spioner-spionvandring-768x436.jpg 768w, https:\/\/pgik.pgik.se\/wp-content\/uploads\/2025\/05\/Kvinnliga-spioner-spionvandring-1536x873.jpg 1536w, https:\/\/pgik.pgik.se\/wp-content\/uploads\/2025\/05\/Kvinnliga-spioner-spionvandring.jpg 1920w\" sizes=\"auto, (max-width: 1024px) 100vw, 1024px\" \/><\/figure>\n\n\n\n<h3 class=\"wp-block-heading\">Spionvandring \u2013 12 svenska kvinnliga spioner<\/h3>\n\n\n\n<p>Detta \u00e4r historien om de ofta helt ok\u00e4nda och gl\u00f6mda kvinnorna som utgjorde en<br>mycket viktig del av svensk underr\u00e4ttelsehistoria under andra v\u00e4rldskriget. En guide som varit spion p\u00e5 riktigt tar med dig p\u00e5 en f\u00e4ngslande vandring genom andra<br>v\u00e4rldskrigets Stockholm.<\/p>\n\n\n\n<p>Detta kan du se fram emot<\/p>\n\n\n\n<ul class=\"wp-block-list\">\n<li>Kunnig guide med massor av sp\u00e4nnande historier att ber\u00e4tta.<\/li>\n\n\n\n<li>L\u00e4r dig mer om Stockholms historia under andra v\u00e4rldskriget.<\/li>\n\n\n\n<li>Se platserna d\u00e4r riktiga spiondraman utspelade sig.<\/li>\n<\/ul>\n\n\n\n<h3 class=\"wp-block-heading\">Om spionvandringen<\/h3>\n\n\n\n<p>Kvinnorna arbetade antingen f\u00f6r den svenska sidan och spionerade p\u00e5 b\u00e5de tyskar och<br>allierade, eller s\u00e5 spionerade de f\u00f6r tyskarna och Sovjetunionen.<\/p>\n\n\n\n<p>Under vandringen f\u00e5r du bekanta dig med 12 kvinnor som utgjorde en viktig del av<br>historien och som p\u00e5 olika s\u00e4tt p\u00e5verkade andra v\u00e4rldskrigets utveckling.<br>N\u00e5gra av dem \u00e4r v\u00e4lk\u00e4nda, men flera har allm\u00e4nheten sannolikt aldrig h\u00f6rt talas om,<br>eller s\u00e5 har man h\u00f6rt en helt annan historia \u00e4n vad som faktiskt var sant.<\/p>\n","protected":false},"excerpt":{"rendered":"<p>V\u00e4lkommen p\u00e5 Spionvandring! Vandringen \u00e4r cirka 2,5 kilometer l\u00e5ng och &hellip; <\/p>\n","protected":false},"author":1,"featured_media":783,"parent":0,"menu_order":0,"comment_status":"closed","ping_status":"closed","template":"","meta":{"footnotes":""},"class_list":["post-782","page","type-page","status-publish","has-post-thumbnail","hentry"],"_links":{"self":[{"href":"https:\/\/pgik.pgik.se\/index.php\/wp-json\/wp\/v2\/pages\/782","targetHints":{"allow":["GET"]}}],"collection":[{"href":"https:\/\/pgik.pgik.se\/index.php\/wp-json\/wp\/v2\/pages"}],"about":[{"href":"https:\/\/pgik.pgik.se\/index.php\/wp-json\/wp\/v2\/types\/page"}],"author":[{"embeddable":true,"href":"https:\/\/pgik.pgik.se\/index.php\/wp-json\/wp\/v2\/users\/1"}],"replies":[{"embeddable":true,"href":"https:\/\/pgik.pgik.se\/index.php\/wp-json\/wp\/v2\/comments?post=782"}],"version-history":[{"count":9,"href":"https:\/\/pgik.pgik.se\/index.php\/wp-json\/wp\/v2\/pages\/782\/revisions"}],"predecessor-version":[{"id":796,"href":"https:\/\/pgik.pgik.se\/index.php\/wp-json\/wp\/v2\/pages\/782\/revisions\/796"}],"wp:featuredmedia":[{"embeddable":true,"href":"https:\/\/pgik.pgik.se\/index.php\/wp-json\/wp\/v2\/media\/783"}],"wp:attachment":[{"href":"https:\/\/pgik.pgik.se\/index.php\/wp-json\/wp\/v2\/media?parent=782"}],"curies":[{"name":"wp","href":"https:\/\/api.w.org\/{rel}","templated":true}]}}