{"id":833,"date":"2025-09-04T16:29:02","date_gmt":"2025-09-04T14:29:02","guid":{"rendered":"https:\/\/pgik.pgik.se\/?page_id=833"},"modified":"2025-09-04T16:29:02","modified_gmt":"2025-09-04T14:29:02","slug":"visning-hallwylska-museet","status":"publish","type":"page","link":"https:\/\/pgik.pgik.se\/index.php\/visning-hallwylska-museet\/","title":{"rendered":"Visning Hallwylska museet"},"content":{"rendered":"\n<h2 class=\"wp-block-heading\">Visning Hallwylska museet<\/h2>\n\n\n\n<p>L\u00e4mna stadens brus bakom dig och f\u00f6rflytta dig 100 \u00e5r tillbaka i tiden! Stig in genom portarna till Hallwylska museet, p\u00e5 Hamngatan 4 i centrala Stockholm, mittemot Berzelii park.<\/p>\n\n\n\n<p>Anm\u00e4l dig genom att svara p\u00e5 denna e-post senast 12 september.<br>Kostnad 100 kr f\u00f6r guidning och intr\u00e4de ins\u00e4ttes p\u00e5 PG-konto 213 0848-1, ange ditt namn p\u00e5 ins\u00e4ttningen.<\/p>\n\n\n\n<p>Vi har bokat en <strong>guidad palatsvisning den 17 september. Samling vid entr\u00e9n kl. 16.45<\/strong>.<\/p>\n\n\n\n<figure class=\"wp-block-image size-large\"><img loading=\"lazy\" decoding=\"async\" width=\"1024\" height=\"571\" src=\"https:\/\/pgik.pgik.se\/wp-content\/uploads\/2025\/09\/visning-hallwylska-1024x571.jpg\" alt=\"Visning Hallwylska mus\u00e9et\" class=\"wp-image-837\" srcset=\"https:\/\/pgik.pgik.se\/wp-content\/uploads\/2025\/09\/visning-hallwylska-1024x571.jpg 1024w, https:\/\/pgik.pgik.se\/wp-content\/uploads\/2025\/09\/visning-hallwylska-300x167.jpg 300w, https:\/\/pgik.pgik.se\/wp-content\/uploads\/2025\/09\/visning-hallwylska-768x428.jpg 768w, https:\/\/pgik.pgik.se\/wp-content\/uploads\/2025\/09\/visning-hallwylska-1536x856.jpg 1536w, https:\/\/pgik.pgik.se\/wp-content\/uploads\/2025\/09\/visning-hallwylska.jpg 1920w\" sizes=\"auto, (max-width: 1024px) 100vw, 1024px\" \/><\/figure>\n\n\n\n<p><strong>Ytterkl\u00e4der och v\u00e4skor<\/strong><\/p>\n\n\n\n<p>F\u00f6r att undvika att st\u00f6ta till f\u00f6rem\u00e5l i museimilj\u00f6n \u00e4r det inte till\u00e5tet att ta med v\u00e4skor in i museet, eller b\u00e4ra sin jacka p\u00e5 armen. Det finns sk\u00e5p p\u00e5 entr\u00e9plan i museet, d\u00e4r du kan l\u00e5sa in dina tillh\u00f6righeter. Inga mynt beh\u00f6vs. Mindre v\u00e4skor g\u00e5r bra att ta med sig in.<br><strong><br><\/strong>Efter den guidade turen kan vi fritt se oss omkring fram till kl. 18.30.<\/p>\n\n\n\n<p><strong>Middag<br><\/strong>Nu \u00e4r ni v\u00e4l hungriga och t\u00f6rstiga. Dags f\u00f6r ett bes\u00f6k hos \u201d<a href=\"https:\/\/www.restaurangholiday.se\">Holiday Restaurang &amp; Bar<\/a>\u201d i Postgirohuset,<br>M\u00e4ster Samuelsgatan 60. H\u00e4r finns en middagsbuff\u00e9 f\u00f6r 228 kr, meddela oss om du vill f\u00f6lja med.<\/p>\n\n\n\n<p>Varmt v\u00e4lkommen<br>\u00d6nskar<br>Ingrid 072-707 1556\u00a0 och\u00a0 Janne 076-147 7735<\/p>\n\n\n\n<p><\/p>\n","protected":false},"excerpt":{"rendered":"<p>Visning Hallwylska museet L\u00e4mna stadens brus bakom dig och f\u00f6rflytta &hellip; <\/p>\n","protected":false},"author":1,"featured_media":831,"parent":0,"menu_order":0,"comment_status":"closed","ping_status":"closed","template":"","meta":{"footnotes":""},"class_list":["post-833","page","type-page","status-publish","has-post-thumbnail","hentry"],"_links":{"self":[{"href":"https:\/\/pgik.pgik.se\/index.php\/wp-json\/wp\/v2\/pages\/833","targetHints":{"allow":["GET"]}}],"collection":[{"href":"https:\/\/pgik.pgik.se\/index.php\/wp-json\/wp\/v2\/pages"}],"about":[{"href":"https:\/\/pgik.pgik.se\/index.php\/wp-json\/wp\/v2\/types\/page"}],"author":[{"embeddable":true,"href":"https:\/\/pgik.pgik.se\/index.php\/wp-json\/wp\/v2\/users\/1"}],"replies":[{"embeddable":true,"href":"https:\/\/pgik.pgik.se\/index.php\/wp-json\/wp\/v2\/comments?post=833"}],"version-history":[{"count":1,"href":"https:\/\/pgik.pgik.se\/index.php\/wp-json\/wp\/v2\/pages\/833\/revisions"}],"predecessor-version":[{"id":838,"href":"https:\/\/pgik.pgik.se\/index.php\/wp-json\/wp\/v2\/pages\/833\/revisions\/838"}],"wp:featuredmedia":[{"embeddable":true,"href":"https:\/\/pgik.pgik.se\/index.php\/wp-json\/wp\/v2\/media\/831"}],"wp:attachment":[{"href":"https:\/\/pgik.pgik.se\/index.php\/wp-json\/wp\/v2\/media?parent=833"}],"curies":[{"name":"wp","href":"https:\/\/api.w.org\/{rel}","templated":true}]}}