{"id":885,"date":"2025-10-14T21:32:57","date_gmt":"2025-10-14T19:32:57","guid":{"rendered":"https:\/\/pgik.pgik.se\/?page_id=885"},"modified":"2025-10-14T22:11:11","modified_gmt":"2025-10-14T20:11:11","slug":"julbord-pa-engelen","status":"publish","type":"page","link":"https:\/\/pgik.pgik.se\/index.php\/julbord-pa-engelen\/","title":{"rendered":"Julbord p\u00e5 Engelen"},"content":{"rendered":"\n<h2 class=\"wp-block-heading\">\ud83c\udf84PGIK julbord 2025<\/h2>\n\n\n\n<p>V\u00e4lkommen att fira in julen tillsammans med oss p\u00e5 <strong>Engelen<\/strong>!<br>H\u00e4r v\u00e4ntar ett klassiskt julbord fullt av traditionella smaker, varma och kalla r\u00e4tter, ett efterr\u00e4ttsbord med julgodis.<\/p>\n\n\n\n<p>\ud83d\udccd\u00a0<strong>Plats:<\/strong>\u00a0Engelen, Kornhamnstorg 59B i Gamla Stan<br>\ud83d\udcc5\u00a0<strong>Datum:<\/strong>\u00a0S\u00f6ndag 8 december <br>\ud83d\udd54\u00a0<strong>Tid:<\/strong>\u00a016.00<br>Info om anm\u00e4lan och kostnad kommer inom kort.<\/p>\n\n\n\n<figure class=\"wp-block-gallery has-nested-images columns-2 is-cropped wp-block-gallery-1 is-layout-flex wp-block-gallery-is-layout-flex\">\n<figure class=\"wp-block-image size-large\"><img loading=\"lazy\" decoding=\"async\" width=\"800\" height=\"533\" data-id=\"886\" src=\"https:\/\/pgik.pgik.se\/wp-content\/uploads\/2025\/10\/julbord-engelen.jpg\" alt=\"\" class=\"wp-image-886\" srcset=\"https:\/\/pgik.pgik.se\/wp-content\/uploads\/2025\/10\/julbord-engelen.jpg 800w, https:\/\/pgik.pgik.se\/wp-content\/uploads\/2025\/10\/julbord-engelen-300x200.jpg 300w, https:\/\/pgik.pgik.se\/wp-content\/uploads\/2025\/10\/julbord-engelen-768x512.jpg 768w, https:\/\/pgik.pgik.se\/wp-content\/uploads\/2025\/10\/julbord-engelen-370x247.jpg 370w, https:\/\/pgik.pgik.se\/wp-content\/uploads\/2025\/10\/julbord-engelen-776x517.jpg 776w\" sizes=\"auto, (max-width: 800px) 100vw, 800px\" \/><\/figure>\n\n\n\n<figure class=\"wp-block-image size-large\"><img loading=\"lazy\" decoding=\"async\" width=\"301\" height=\"167\" data-id=\"903\" src=\"https:\/\/pgik.pgik.se\/wp-content\/uploads\/2025\/10\/julbord_engelen.jpeg\" alt=\"Bild p\u00e5 Engelen\" class=\"wp-image-903\"\/><\/figure>\n<\/figure>\n\n\n\n<p>Varmt v\u00e4lkommen till en gemytlig julkv\u00e4ll med god mat och trevligt s\u00e4llskap!<br><strong>Ingrid<\/strong>\u00a0\u2013 072-707 15 56<br><strong>Janne<\/strong>\u00a0\u2013 076-147 77 35<\/p>\n\n\n\n<figure class=\"wp-block-gallery has-nested-images columns-default is-cropped wp-block-gallery-2 is-layout-flex wp-block-gallery-is-layout-flex\">\n<figure class=\"wp-block-image size-large\"><img loading=\"lazy\" decoding=\"async\" width=\"275\" height=\"183\" data-id=\"898\" src=\"https:\/\/pgik.pgik.se\/wp-content\/uploads\/2025\/10\/engelen2.jpeg\" alt=\"\" class=\"wp-image-898\"\/><\/figure>\n\n\n\n<figure class=\"wp-block-image size-large\"><img loading=\"lazy\" decoding=\"async\" width=\"275\" height=\"183\" data-id=\"895\" src=\"https:\/\/pgik.pgik.se\/wp-content\/uploads\/2025\/10\/julbord-engelen.jpeg\" alt=\"Bild fr\u00e5n Engelens julbord\" class=\"wp-image-895\"\/><\/figure>\n<\/figure>\n\n\n\n<p><\/p>\n","protected":false},"excerpt":{"rendered":"<p>\ud83c\udf84PGIK julbord 2025 V\u00e4lkommen att fira in julen tillsammans med &hellip; <\/p>\n","protected":false},"author":1,"featured_media":886,"parent":0,"menu_order":0,"comment_status":"closed","ping_status":"closed","template":"","meta":{"footnotes":""},"class_list":["post-885","page","type-page","status-publish","has-post-thumbnail","hentry"],"_links":{"self":[{"href":"https:\/\/pgik.pgik.se\/index.php\/wp-json\/wp\/v2\/pages\/885","targetHints":{"allow":["GET"]}}],"collection":[{"href":"https:\/\/pgik.pgik.se\/index.php\/wp-json\/wp\/v2\/pages"}],"about":[{"href":"https:\/\/pgik.pgik.se\/index.php\/wp-json\/wp\/v2\/types\/page"}],"author":[{"embeddable":true,"href":"https:\/\/pgik.pgik.se\/index.php\/wp-json\/wp\/v2\/users\/1"}],"replies":[{"embeddable":true,"href":"https:\/\/pgik.pgik.se\/index.php\/wp-json\/wp\/v2\/comments?post=885"}],"version-history":[{"count":9,"href":"https:\/\/pgik.pgik.se\/index.php\/wp-json\/wp\/v2\/pages\/885\/revisions"}],"predecessor-version":[{"id":911,"href":"https:\/\/pgik.pgik.se\/index.php\/wp-json\/wp\/v2\/pages\/885\/revisions\/911"}],"wp:featuredmedia":[{"embeddable":true,"href":"https:\/\/pgik.pgik.se\/index.php\/wp-json\/wp\/v2\/media\/886"}],"wp:attachment":[{"href":"https:\/\/pgik.pgik.se\/index.php\/wp-json\/wp\/v2\/media?parent=885"}],"curies":[{"name":"wp","href":"https:\/\/api.w.org\/{rel}","templated":true}]}}