{"id":971,"date":"2025-12-29T20:45:15","date_gmt":"2025-12-29T19:45:15","guid":{"rendered":"https:\/\/pgik.pgik.se\/?page_id=971"},"modified":"2025-12-29T21:23:35","modified_gmt":"2025-12-29T20:23:35","slug":"aktiviteter-2","status":"publish","type":"page","link":"https:\/\/pgik.pgik.se\/index.php\/aktiviteter-2\/","title":{"rendered":"Aktiviteter 2025"},"content":{"rendered":"<h2 class=\"wp-block-post-title\">Aktiviteter 2025<\/h2>\n\n\n<p><strong>Vi s\u00f6ker dig som vill engagera dig i v\u00e5ra aktiviteter!<\/strong><br>Tycker du att det \u00e4r roligt att planera och samordna olika aktiviteter? D\u00e5 kanske du \u00e4r den vi letar efter! PGIK s\u00f6ker just nu en ansvarig f\u00f6r aktiviteter.<br>Intresserad eller vill veta mer? H\u00f6r av dig till: <a class=\"\">pgik.ordforande@pgik.se<\/a><\/p>\n\n\n\n<hr class=\"wp-block-separator has-alpha-channel-opacity\"\/>\n\n\n\n<div class=\"wp-block-media-text is-stacked-on-mobile\"><figure class=\"wp-block-media-text__media\"><img loading=\"lazy\" decoding=\"async\" width=\"828\" height=\"510\" src=\"https:\/\/pgik.pgik.se\/wp-content\/uploads\/2025\/10\/engelen.jpeg\" alt=\"Bild p\u00e5 restaurang Engelen\" class=\"wp-image-883 size-full\" srcset=\"https:\/\/pgik.pgik.se\/wp-content\/uploads\/2025\/10\/engelen.jpeg 828w, https:\/\/pgik.pgik.se\/wp-content\/uploads\/2025\/10\/engelen-300x185.jpeg 300w, https:\/\/pgik.pgik.se\/wp-content\/uploads\/2025\/10\/engelen-768x473.jpeg 768w\" sizes=\"auto, (max-width: 828px) 100vw, 828px\" \/><\/figure><div class=\"wp-block-media-text__content\">\n<p>Julbord p\u00e5 Engelen i Gamla Stan<\/p>\n\n\n\n<p>M\u00e5ndagen 8 december kl 16. <a href=\"https:\/\/pgik.pgik.se\/index.php\/julbord-pa-engelen\/\" data-type=\"page\" data-id=\"885\">L\u00e4s mer<\/a><\/p>\n<\/div><\/div>\n\n\n\n<hr class=\"wp-block-separator has-alpha-channel-opacity\"\/>\n\n\n\n<div class=\"wp-block-media-text has-media-on-the-right is-stacked-on-mobile\"><div class=\"wp-block-media-text__content\">\n<p>Boule hos Boulebar i Liljeholmen<\/p>\n\n\n\n<p>Tisdagen 4 november kl 17. <a href=\"https:\/\/pgik.pgik.se\/index.php\/boulebar-i-liljeholmen\/\" data-type=\"page\" data-id=\"876\">L\u00e4s mer<\/a><\/p>\n<\/div><figure class=\"wp-block-media-text__media\"><img loading=\"lazy\" decoding=\"async\" width=\"252\" height=\"200\" src=\"https:\/\/pgik.pgik.se\/wp-content\/uploads\/2025\/10\/boulebar_liljeholmen.jpeg\" alt=\"Bild p\u00e5 Boulebar i Liljeholmen\" class=\"wp-image-874 size-full\"\/><\/figure><\/div>\n\n\n\n<hr class=\"wp-block-separator has-alpha-channel-opacity\"\/>\n\n\n\n<div class=\"wp-block-media-text is-stacked-on-mobile\"><figure class=\"wp-block-media-text__media\"><img loading=\"lazy\" decoding=\"async\" width=\"1024\" height=\"683\" src=\"https:\/\/pgik.pgik.se\/wp-content\/uploads\/2025\/09\/hallwylska-musset-1024x683.jpg\" alt=\"Bild fr\u00e5n Hallwylska mus\u00e9et\" class=\"wp-image-831 size-full\" srcset=\"https:\/\/pgik.pgik.se\/wp-content\/uploads\/2025\/09\/hallwylska-musset-1024x683.jpg 1024w, https:\/\/pgik.pgik.se\/wp-content\/uploads\/2025\/09\/hallwylska-musset-300x200.jpg 300w, https:\/\/pgik.pgik.se\/wp-content\/uploads\/2025\/09\/hallwylska-musset-768x512.jpg 768w, https:\/\/pgik.pgik.se\/wp-content\/uploads\/2025\/09\/hallwylska-musset-1536x1024.jpg 1536w, https:\/\/pgik.pgik.se\/wp-content\/uploads\/2025\/09\/hallwylska-musset-370x247.jpg 370w, https:\/\/pgik.pgik.se\/wp-content\/uploads\/2025\/09\/hallwylska-musset-776x517.jpg 776w, https:\/\/pgik.pgik.se\/wp-content\/uploads\/2025\/09\/hallwylska-musset.jpg 1920w\" sizes=\"auto, (max-width: 1024px) 100vw, 1024px\" \/><\/figure><div class=\"wp-block-media-text__content\">\n<p>Visning Hallwylska mus\u00e9et<\/p>\n\n\n\n<p>Onsdagen 17 september kl 16.45. <a href=\"https:\/\/pgik.pgik.se\/index.php\/visning-hallwylska-museet\/\" data-type=\"page\" data-id=\"833\">L\u00e4s mer<\/a><\/p>\n<\/div><\/div>\n\n\n\n<hr class=\"wp-block-separator has-alpha-channel-opacity\"\/>\n\n\n\n<div class=\"wp-block-media-text has-media-on-the-right is-stacked-on-mobile\"><div class=\"wp-block-media-text__content\">\n<p>Femkamp &amp; The Corrs p\u00e5 Gr\u00f6na Lund<\/p>\n\n\n\n<p>Tisdagen 17 juni kl 17. <a href=\"https:\/\/pgik.pgik.se\/index.php\/5-kamp-pa-grona-lund\/\" data-type=\"page\" data-id=\"802\">L\u00e4s mer<\/a><\/p>\n<\/div><figure class=\"wp-block-media-text__media\"><img loading=\"lazy\" decoding=\"async\" width=\"278\" height=\"181\" src=\"https:\/\/pgik.pgik.se\/wp-content\/uploads\/2025\/06\/grona-lund.jpeg\" alt=\"Gr\u00f6na Lund\" class=\"wp-image-805 size-full\"\/><\/figure><\/div>\n\n\n\n<hr class=\"wp-block-separator has-alpha-channel-opacity\"\/>\n\n\n\n<div class=\"wp-block-media-text is-stacked-on-mobile\"><figure class=\"wp-block-media-text__media\"><img loading=\"lazy\" decoding=\"async\" width=\"1024\" height=\"582\" src=\"https:\/\/pgik.pgik.se\/wp-content\/uploads\/2025\/05\/Kvinnliga-spioner-spionvandring-1024x582.jpg\" alt=\"Bild p\u00e5 12 kvinnliga spioner\" class=\"wp-image-783 size-full\" srcset=\"https:\/\/pgik.pgik.se\/wp-content\/uploads\/2025\/05\/Kvinnliga-spioner-spionvandring-1024x582.jpg 1024w, https:\/\/pgik.pgik.se\/wp-content\/uploads\/2025\/05\/Kvinnliga-spioner-spionvandring-300x170.jpg 300w, https:\/\/pgik.pgik.se\/wp-content\/uploads\/2025\/05\/Kvinnliga-spioner-spionvandring-768x436.jpg 768w, https:\/\/pgik.pgik.se\/wp-content\/uploads\/2025\/05\/Kvinnliga-spioner-spionvandring-1536x873.jpg 1536w, https:\/\/pgik.pgik.se\/wp-content\/uploads\/2025\/05\/Kvinnliga-spioner-spionvandring.jpg 1920w\" sizes=\"auto, (max-width: 1024px) 100vw, 1024px\" \/><\/figure><div class=\"wp-block-media-text__content\">\n<p>Spionvandring p\u00e5 \u00d6stermalm<\/p>\n\n\n\n<p>Onsdagen 21 maj kl 12. <a href=\"https:\/\/pgik.pgik.se\/index.php\/spionvandring\/\" data-type=\"page\" data-id=\"782\">L\u00e4s mer<\/a><\/p>\n<\/div><\/div>\n\n\n\n<hr class=\"wp-block-separator has-alpha-channel-opacity\"\/>\n\n\n\n<div class=\"wp-block-media-text has-media-on-the-right is-stacked-on-mobile\"><div class=\"wp-block-media-text__content\">\n<p>\u00c5rsm\u00f6te PGIK p\u00e5 Metargatan 26 p\u00e5 S\u00f6der<\/p>\n\n\n\n<p>Torsdagen 6 mars kl 17, 2025. <a href=\"https:\/\/pgik.pgik.se\/index.php\/arsmote-2025\/\" data-type=\"page\" data-id=\"649\">L\u00e4s mer<\/a><\/p>\n<\/div><figure class=\"wp-block-media-text__media\"><img loading=\"lazy\" decoding=\"async\" width=\"1001\" height=\"667\" src=\"https:\/\/pgik.pgik.se\/wp-content\/uploads\/2025\/01\/arsmote.jpeg\" alt=\"Bild p\u00e5 \u00e5rsm\u00f6te\" class=\"wp-image-643 size-full\" srcset=\"https:\/\/pgik.pgik.se\/wp-content\/uploads\/2025\/01\/arsmote.jpeg 1001w, https:\/\/pgik.pgik.se\/wp-content\/uploads\/2025\/01\/arsmote-300x200.jpeg 300w, https:\/\/pgik.pgik.se\/wp-content\/uploads\/2025\/01\/arsmote-768x512.jpeg 768w, https:\/\/pgik.pgik.se\/wp-content\/uploads\/2025\/01\/arsmote-370x247.jpeg 370w, https:\/\/pgik.pgik.se\/wp-content\/uploads\/2025\/01\/arsmote-776x517.jpeg 776w\" sizes=\"auto, (max-width: 1001px) 100vw, 1001px\" \/><\/figure><\/div>\n\n\n\n<hr class=\"wp-block-separator has-alpha-channel-opacity\"\/>\n\n\n\n<p><a href=\"https:\/\/pgik.pgik.se\/index.php\/aktiviteter\/\" data-type=\"page\" data-id=\"23\">Till aktiviteter<\/a><\/p>\n\n\n\n<p><a href=\"https:\/\/pgik.pgik.se\/index.php\/aktiviteter-2024\/\" data-type=\"page\" data-id=\"337\">Se aktiviteterna f\u00f6r 2024<\/a><\/p>\n\n\n\n<p><a href=\"https:\/\/pgik.pgik.se\/index.php\/aktiviteter-2023\/\" data-type=\"page\" data-id=\"188\">Se aktiviteterna f\u00f6r 2023<\/a><a href=\"https:\/\/pgik.pgik.se\/wp-admin\/edit.php?post_type=page\"><\/a><a href=\"https:\/\/pgik.pgik.se\/wp-admin\/edit.php?post_type=page\"><\/a><\/p>\n\n\n\n<p><\/p>\n","protected":false},"excerpt":{"rendered":"<p>Vi s\u00f6ker dig som vill engagera dig i v\u00e5ra aktiviteter!Tycker &hellip; <\/p>\n","protected":false},"author":1,"featured_media":975,"parent":0,"menu_order":0,"comment_status":"closed","ping_status":"closed","template":"","meta":{"footnotes":""},"class_list":["post-971","page","type-page","status-publish","has-post-thumbnail","hentry"],"_links":{"self":[{"href":"https:\/\/pgik.pgik.se\/index.php\/wp-json\/wp\/v2\/pages\/971","targetHints":{"allow":["GET"]}}],"collection":[{"href":"https:\/\/pgik.pgik.se\/index.php\/wp-json\/wp\/v2\/pages"}],"about":[{"href":"https:\/\/pgik.pgik.se\/index.php\/wp-json\/wp\/v2\/types\/page"}],"author":[{"embeddable":true,"href":"https:\/\/pgik.pgik.se\/index.php\/wp-json\/wp\/v2\/users\/1"}],"replies":[{"embeddable":true,"href":"https:\/\/pgik.pgik.se\/index.php\/wp-json\/wp\/v2\/comments?post=971"}],"version-history":[{"count":4,"href":"https:\/\/pgik.pgik.se\/index.php\/wp-json\/wp\/v2\/pages\/971\/revisions"}],"predecessor-version":[{"id":981,"href":"https:\/\/pgik.pgik.se\/index.php\/wp-json\/wp\/v2\/pages\/971\/revisions\/981"}],"wp:featuredmedia":[{"embeddable":true,"href":"https:\/\/pgik.pgik.se\/index.php\/wp-json\/wp\/v2\/media\/975"}],"wp:attachment":[{"href":"https:\/\/pgik.pgik.se\/index.php\/wp-json\/wp\/v2\/media?parent=971"}],"curies":[{"name":"wp","href":"https:\/\/api.w.org\/{rel}","templated":true}]}}