{"id":986,"date":"2025-12-29T21:34:29","date_gmt":"2025-12-29T20:34:29","guid":{"rendered":"https:\/\/pgik.pgik.se\/?page_id=986"},"modified":"2025-12-29T21:40:06","modified_gmt":"2025-12-29T20:40:06","slug":"tutankhamon-the-immersive-exhibition-stockholm","status":"publish","type":"page","link":"https:\/\/pgik.pgik.se\/index.php\/tutankhamon-the-immersive-exhibition-stockholm\/","title":{"rendered":"Tutankhamon\u00a0\u2014\u00a0The immersive exhibition Stockholm"},"content":{"rendered":"<h2 class=\"wp-block-post-title\">Tutankhamon\u00a0\u2014\u00a0The immersive exhibition Stockholm<\/h2>\n\n\n<p>PGIK bjuder in till en digital och omslutande upplevelse d\u00e4r du f\u00e5r kliva rakt in i det forntida Egyptens v\u00e4rld. <em>Tutankhamon \u2014 The Immersive Exhibition<\/em> \u00e4r en spektakul\u00e4r och l\u00e4rorik upplevelse med projektioner, ljud och ber\u00e4ttelser som ger liv \u00e5t faraon Tutankhamons historia.<\/p>\n\n\n\n<p><strong>Tid:<\/strong> Torsdagen den 29 januari 2026, kl. 17.00<br><strong>Kostnad:<\/strong> 125 kr (betalningsinformation kommer)<\/p>\n\n\n\n<p><strong>Anm\u00e4lan:<\/strong><br>PGIK har k\u00f6pt <strong>40 biljetter<\/strong> till utst\u00e4llningen. Platserna \u00e4r begr\u00e4nsade och f\u00f6rdelas enligt f\u00f6rst-till-kvarn.<br>Anm\u00e4l dig genom att svara p\u00e5 e-postmeddelandet senast <strong>20 januari<\/strong>.<\/p>\n\n\n\n<p>\ud83d\udc49 L\u00e4s mer om utst\u00e4llningen p\u00e5 <a href=\"https:\/\/tutankhamunexperience.com\/stockholm\/\">Tutankhamon Immersive Experience Stockholms hemsida<\/a>.<\/p>\n\n\n\n<p>Efter bes\u00f6ket finns m\u00f6jlighet att forts\u00e4tta kv\u00e4llen tillsammans p\u00e5 <strong>Caf\u00e9 Kairo<\/strong>, d\u00e4r vi kan njuta av grillade mackor, hemlagade soppor, smakrika grytor, charkbrickor samt ett glas vin eller en Tutankhamon-\u00f6l \u2013 perfekt f\u00f6r att sm\u00e4lta den h\u00e4ftiga upplevelsen.<\/p>\n\n\n\n<p>PGIK h\u00e4lsar dig varmt v\u00e4lkommen!<\/p>\n\n\n\n<p><strong>H\u00e4lsningar<\/strong><br>Ingrid, 072-707 15 56<br>Janne, 076-147 77 35<\/p>\n\n\n\n<figure class=\"wp-block-image size-full\"><img loading=\"lazy\" decoding=\"async\" width=\"820\" height=\"310\" src=\"https:\/\/pgik.pgik.se\/wp-content\/uploads\/2025\/12\/tutankhamon.jpg\" alt=\"Bild p\u00e5 Tutankhamons utst\u00e4llning\" class=\"wp-image-975\" srcset=\"https:\/\/pgik.pgik.se\/wp-content\/uploads\/2025\/12\/tutankhamon.jpg 820w, https:\/\/pgik.pgik.se\/wp-content\/uploads\/2025\/12\/tutankhamon-300x113.jpg 300w, https:\/\/pgik.pgik.se\/wp-content\/uploads\/2025\/12\/tutankhamon-768x290.jpg 768w\" sizes=\"auto, (max-width: 820px) 100vw, 820px\" \/><\/figure>\n","protected":false},"excerpt":{"rendered":"<p>PGIK bjuder in till en digital och omslutande upplevelse d\u00e4r &hellip; <\/p>\n","protected":false},"author":1,"featured_media":975,"parent":0,"menu_order":0,"comment_status":"closed","ping_status":"closed","template":"","meta":{"footnotes":""},"class_list":["post-986","page","type-page","status-publish","has-post-thumbnail","hentry"],"_links":{"self":[{"href":"https:\/\/pgik.pgik.se\/index.php\/wp-json\/wp\/v2\/pages\/986","targetHints":{"allow":["GET"]}}],"collection":[{"href":"https:\/\/pgik.pgik.se\/index.php\/wp-json\/wp\/v2\/pages"}],"about":[{"href":"https:\/\/pgik.pgik.se\/index.php\/wp-json\/wp\/v2\/types\/page"}],"author":[{"embeddable":true,"href":"https:\/\/pgik.pgik.se\/index.php\/wp-json\/wp\/v2\/users\/1"}],"replies":[{"embeddable":true,"href":"https:\/\/pgik.pgik.se\/index.php\/wp-json\/wp\/v2\/comments?post=986"}],"version-history":[{"count":4,"href":"https:\/\/pgik.pgik.se\/index.php\/wp-json\/wp\/v2\/pages\/986\/revisions"}],"predecessor-version":[{"id":994,"href":"https:\/\/pgik.pgik.se\/index.php\/wp-json\/wp\/v2\/pages\/986\/revisions\/994"}],"wp:featuredmedia":[{"embeddable":true,"href":"https:\/\/pgik.pgik.se\/index.php\/wp-json\/wp\/v2\/media\/975"}],"wp:attachment":[{"href":"https:\/\/pgik.pgik.se\/index.php\/wp-json\/wp\/v2\/media?parent=986"}],"curies":[{"name":"wp","href":"https:\/\/api.w.org\/{rel}","templated":true}]}}